{"id":59095,"date":"2021-02-16T10:49:59","date_gmt":"2021-02-16T08:49:59","guid":{"rendered":"https:\/\/dev.tactic.net\/tuote\/nya-familjens-fragespel\/"},"modified":"2022-02-09T14:12:19","modified_gmt":"2022-02-09T12:12:19","slug":"nya-familjens-fragespel","status":"archive","type":"product","link":"https:\/\/games.tactic.net\/sv\/tuote\/nya-familjens-fragespel\/","title":{"rendered":"NYA Familjens Fr\u00e5gespel"},"content":{"rendered":"<p>Upplev skratt och sp\u00e4nning i familjens favoritfr\u00e5gespel. H\u00e4r finns fr\u00e5gor i 385 roliga \u00e4mnen om allt mellan himmel och<br \/>\njord, fr\u00e5n djur i Afrika och tecknade figurer till mobiltelefoner och planeter. Fr\u00e5gorna passar de flesta och det finns dessutom<br \/>\nspecialfr\u00e5gor f\u00f6r de yngsta. Svara p\u00e5 fr\u00e5gor i ditt favorit\u00e4mne och f\u00f6rs\u00f6k att vinna s\u00e5 mycket pengar som m\u00f6jligt p\u00e5 dina kunskaper. N\u00e4r timern b\u00f6rjar ticka har du 15 sekunder p\u00e5 dig att svara. Samtidigt stressar medspelarna dig genom att l\u00e4gga ut chanskort som betyder att de troligen kan svaret och vill \u201dstj\u00e4la\u201d din fr\u00e5ga. Spelaren med mest pengar vid spelets slut blir familjens fr\u00e5gem\u00e4stare.<\/p>\n","protected":false},"excerpt":{"rendered":"<p>Upplev skratt och sp\u00e4nning i familjens favoritfr\u00e5gespel. H\u00e4r finns fr\u00e5gor i 385 roliga \u00e4mnen om allt mellan himmel och<br \/>\njord, fr\u00e5n djur i Afrika och tecknade figurer till mobiltelefoner och planeter. Fr\u00e5gorna passar de flesta och det finns dessutom<br \/>\nspecialfr\u00e5gor f\u00f6r de yngsta.<\/p>\n","protected":false},"featured_media":0,"template":"","meta":{"content-type":"","_monsterinsights_skip_tracking":false,"_monsterinsights_sitenote_active":false,"_monsterinsights_sitenote_note":"","_monsterinsights_sitenote_category":0},"product_brand":[],"product_cat":[1524],"product_tag":[],"brand":[],"target-group":[],"discontinued":[],"class_list":{"0":"post-59095","1":"product","2":"type-product","3":"status-archive","5":"product_cat-fragespel-familjespel","7":"first","8":"outofstock","9":"taxable","10":"shipping-taxable","11":"product-type-simple"},"aioseo_notices":[],"_links":{"self":[{"href":"https:\/\/games.tactic.net\/sv\/wp-json\/wp\/v2\/product\/59095","targetHints":{"allow":["GET"]}}],"collection":[{"href":"https:\/\/games.tactic.net\/sv\/wp-json\/wp\/v2\/product"}],"about":[{"href":"https:\/\/games.tactic.net\/sv\/wp-json\/wp\/v2\/types\/product"}],"wp:attachment":[{"href":"https:\/\/games.tactic.net\/sv\/wp-json\/wp\/v2\/media?parent=59095"}],"wp:term":[{"taxonomy":"product_brand","embeddable":true,"href":"https:\/\/games.tactic.net\/sv\/wp-json\/wp\/v2\/product_brand?post=59095"},{"taxonomy":"product_cat","embeddable":true,"href":"https:\/\/games.tactic.net\/sv\/wp-json\/wp\/v2\/product_cat?post=59095"},{"taxonomy":"product_tag","embeddable":true,"href":"https:\/\/games.tactic.net\/sv\/wp-json\/wp\/v2\/product_tag?post=59095"},{"taxonomy":"brand","embeddable":true,"href":"https:\/\/games.tactic.net\/sv\/wp-json\/wp\/v2\/brand?post=59095"},{"taxonomy":"target-group","embeddable":true,"href":"https:\/\/games.tactic.net\/sv\/wp-json\/wp\/v2\/target-group?post=59095"},{"taxonomy":"discontinued","embeddable":true,"href":"https:\/\/games.tactic.net\/sv\/wp-json\/wp\/v2\/discontinued?post=59095"}],"curies":[{"name":"wp","href":"https:\/\/api.w.org\/{rel}","templated":true}]}}