{"id":59066,"date":"2021-02-16T10:49:54","date_gmt":"2021-02-16T08:49:54","guid":{"rendered":"https:\/\/dev.tactic.net\/tuote\/top-magic-i-display\/"},"modified":"2024-08-20T09:23:28","modified_gmt":"2024-08-20T06:23:28","slug":"top-magic-i-display","status":"archive","type":"product","link":"https:\/\/games.tactic.net\/sv\/tuote\/top-magic-i-display\/","title":{"rendered":"Tactic Top Magic (i display)"},"content":{"rendered":"<p>Top Magic \u00e4r namnet p\u00e5 Tactics sp\u00e4nnande serie trolleril\u00e5dor f\u00f6r barn. Serien best\u00e5r av 6 olika l\u00e5dor i ett litet beh\u00e4ndigt format. Tricken \u00e4r noga utvalda och testade f\u00f6r att ge st\u00f6rsta m\u00f6jliga underh\u00e5llnings-v\u00e4rde och \u00f6verraskningseffekt. Tricken \u00e4r dessutom l\u00e4tta att l\u00e4ra och utf\u00f6ra, bl a tack vare tydliga svenska instruktioner.<\/p>\n","protected":false},"excerpt":{"rendered":"<p>Top Magic \u00e4r namnet p\u00e5 Tactics sp\u00e4nnande serie trolleril\u00e5dor f\u00f6r barn. Serien best\u00e5r av 6 olika l\u00e5dor i ett litet beh\u00e4ndigt format.<\/p>\n","protected":false},"featured_media":0,"template":"","meta":{"content-type":"","_monsterinsights_skip_tracking":false,"_monsterinsights_sitenote_active":false,"_monsterinsights_sitenote_note":"","_monsterinsights_sitenote_category":0},"product_brand":[],"product_cat":[1616],"product_tag":[],"brand":[],"target-group":[],"discontinued":[],"class_list":{"0":"post-59066","1":"product","2":"type-product","3":"status-archive","5":"product_cat-magiska-trick-och-skamt","7":"first","8":"outofstock","9":"taxable","10":"shipping-taxable","11":"product-type-simple"},"aioseo_notices":[],"_links":{"self":[{"href":"https:\/\/games.tactic.net\/sv\/wp-json\/wp\/v2\/product\/59066","targetHints":{"allow":["GET"]}}],"collection":[{"href":"https:\/\/games.tactic.net\/sv\/wp-json\/wp\/v2\/product"}],"about":[{"href":"https:\/\/games.tactic.net\/sv\/wp-json\/wp\/v2\/types\/product"}],"wp:attachment":[{"href":"https:\/\/games.tactic.net\/sv\/wp-json\/wp\/v2\/media?parent=59066"}],"wp:term":[{"taxonomy":"product_brand","embeddable":true,"href":"https:\/\/games.tactic.net\/sv\/wp-json\/wp\/v2\/product_brand?post=59066"},{"taxonomy":"product_cat","embeddable":true,"href":"https:\/\/games.tactic.net\/sv\/wp-json\/wp\/v2\/product_cat?post=59066"},{"taxonomy":"product_tag","embeddable":true,"href":"https:\/\/games.tactic.net\/sv\/wp-json\/wp\/v2\/product_tag?post=59066"},{"taxonomy":"brand","embeddable":true,"href":"https:\/\/games.tactic.net\/sv\/wp-json\/wp\/v2\/brand?post=59066"},{"taxonomy":"target-group","embeddable":true,"href":"https:\/\/games.tactic.net\/sv\/wp-json\/wp\/v2\/target-group?post=59066"},{"taxonomy":"discontinued","embeddable":true,"href":"https:\/\/games.tactic.net\/sv\/wp-json\/wp\/v2\/discontinued?post=59066"}],"curies":[{"name":"wp","href":"https:\/\/api.w.org\/{rel}","templated":true}]}}