{"id":59048,"date":"2021-02-16T10:49:44","date_gmt":"2021-02-16T08:49:44","guid":{"rendered":"https:\/\/dev.tactic.net\/tuote\/fragespelet-om-sverige-resespel\/"},"modified":"2023-10-06T16:39:08","modified_gmt":"2023-10-06T13:39:08","slug":"fragespelet-om-sverige-resespel","status":"publish","type":"product","link":"https:\/\/games.tactic.net\/sv\/tuote\/fragespelet-om-sverige-resespel\/","title":{"rendered":"Tactic Sverige Fr\u00e5gespel resespel"},"content":{"rendered":"<p>Fr\u00e5gespelet om Sverige i beh\u00e4ndig reseversion. Spelet inneh\u00e5ller 600 fr\u00e5gor i sex olika kategorier: historia, kultur, natur, geografi , sport och blandat. N\u00e4r du svarar r\u00e4tt p\u00e5 en fr\u00e5ga kryssar du motsvarande kategorif\u00e4lt i din pyramid i po\u00e4ngblocket. Det g\u00e4ller att f\u00f6rs\u00f6ka f\u00e5 \u201dfem i rad\u201d genom att kryssa alla fem f\u00e4lten i en av pyramidens sidor och sedan svara r\u00e4tt p\u00e5 finalfr\u00e5gan f\u00f6r att vinna spelet.<\/p>\n","protected":false},"excerpt":{"rendered":"<p>Fr\u00e5gespelet om Sverige i beh\u00e4ndig reseversion. Spelet inneh\u00e5ller 600 fr\u00e5gor i sex olika kategorier: historia, kultur, natur, geografi, sport och blandat.<\/p>\n","protected":false},"featured_media":0,"template":"","meta":{"content-type":"","_monsterinsights_skip_tracking":false,"_monsterinsights_sitenote_active":false,"_monsterinsights_sitenote_note":"","_monsterinsights_sitenote_category":0},"product_brand":[],"product_cat":[813],"product_tag":[849,1254],"brand":[],"target-group":[],"discontinued":[],"class_list":{"0":"post-59048","1":"product","2":"type-product","3":"status-publish","5":"product_cat-resespel","6":"product_tag-kunskap","7":"product_tag-pedagogisk-sv","9":"first","10":"instock","11":"taxable","12":"shipping-taxable","13":"product-type-simple"},"aioseo_notices":[],"_links":{"self":[{"href":"https:\/\/games.tactic.net\/sv\/wp-json\/wp\/v2\/product\/59048","targetHints":{"allow":["GET"]}}],"collection":[{"href":"https:\/\/games.tactic.net\/sv\/wp-json\/wp\/v2\/product"}],"about":[{"href":"https:\/\/games.tactic.net\/sv\/wp-json\/wp\/v2\/types\/product"}],"wp:attachment":[{"href":"https:\/\/games.tactic.net\/sv\/wp-json\/wp\/v2\/media?parent=59048"}],"wp:term":[{"taxonomy":"product_brand","embeddable":true,"href":"https:\/\/games.tactic.net\/sv\/wp-json\/wp\/v2\/product_brand?post=59048"},{"taxonomy":"product_cat","embeddable":true,"href":"https:\/\/games.tactic.net\/sv\/wp-json\/wp\/v2\/product_cat?post=59048"},{"taxonomy":"product_tag","embeddable":true,"href":"https:\/\/games.tactic.net\/sv\/wp-json\/wp\/v2\/product_tag?post=59048"},{"taxonomy":"brand","embeddable":true,"href":"https:\/\/games.tactic.net\/sv\/wp-json\/wp\/v2\/brand?post=59048"},{"taxonomy":"target-group","embeddable":true,"href":"https:\/\/games.tactic.net\/sv\/wp-json\/wp\/v2\/target-group?post=59048"},{"taxonomy":"discontinued","embeddable":true,"href":"https:\/\/games.tactic.net\/sv\/wp-json\/wp\/v2\/discontinued?post=59048"}],"curies":[{"name":"wp","href":"https:\/\/api.w.org\/{rel}","templated":true}]}}