{"id":59033,"date":"2021-02-16T10:49:39","date_gmt":"2021-02-16T08:49:39","guid":{"rendered":"https:\/\/dev.tactic.net\/tuote\/pro-poker-texas-holdem\/"},"modified":"2023-10-20T13:21:48","modified_gmt":"2023-10-20T10:21:48","slug":"pro-poker-texas-holdem","status":"publish","type":"product","link":"https:\/\/games.tactic.net\/sv\/tuote\/pro-poker-texas-holdem\/","title":{"rendered":"Tactic Pro Poker Texas Hold\u00b4em"},"content":{"rendered":"<p>60 x 90 cm pokerduk, 200 pokermarker, 1 dealerknapp, 1 stora m\u00f6rken, 1 lilla m\u00f6rken, 2 pokerkortlekar, St\u00e4ll f\u00f6r pokermarkerna, Regler.<\/p>\n","protected":false},"excerpt":{"rendered":"<p>60 x 90 cm pokerduk, 200 pokermarker, 1 dealerknapp, 1 stora m\u00f6rken, 1 lilla m\u00f6rken, 2 pokerkortlekar, St\u00e4ll f\u00f6r pokermarkerna, Regler.<\/p>\n","protected":false},"featured_media":0,"template":"","meta":{"content-type":"","_monsterinsights_skip_tracking":false,"_monsterinsights_sitenote_active":false,"_monsterinsights_sitenote_note":"","_monsterinsights_sitenote_category":0},"product_brand":[],"product_cat":[1527],"product_tag":[1235,1240,1238],"brand":[],"target-group":[],"discontinued":[],"class_list":{"0":"post-59033","1":"product","2":"type-product","3":"status-publish","5":"product_cat-poker-andra-spel","6":"product_tag-kombinera-sv","7":"product_tag-rakning-sv","8":"product_tag-strategi-sv","10":"first","11":"instock","12":"taxable","13":"shipping-taxable","14":"product-type-simple"},"aioseo_notices":[],"_links":{"self":[{"href":"https:\/\/games.tactic.net\/sv\/wp-json\/wp\/v2\/product\/59033","targetHints":{"allow":["GET"]}}],"collection":[{"href":"https:\/\/games.tactic.net\/sv\/wp-json\/wp\/v2\/product"}],"about":[{"href":"https:\/\/games.tactic.net\/sv\/wp-json\/wp\/v2\/types\/product"}],"wp:attachment":[{"href":"https:\/\/games.tactic.net\/sv\/wp-json\/wp\/v2\/media?parent=59033"}],"wp:term":[{"taxonomy":"product_brand","embeddable":true,"href":"https:\/\/games.tactic.net\/sv\/wp-json\/wp\/v2\/product_brand?post=59033"},{"taxonomy":"product_cat","embeddable":true,"href":"https:\/\/games.tactic.net\/sv\/wp-json\/wp\/v2\/product_cat?post=59033"},{"taxonomy":"product_tag","embeddable":true,"href":"https:\/\/games.tactic.net\/sv\/wp-json\/wp\/v2\/product_tag?post=59033"},{"taxonomy":"brand","embeddable":true,"href":"https:\/\/games.tactic.net\/sv\/wp-json\/wp\/v2\/brand?post=59033"},{"taxonomy":"target-group","embeddable":true,"href":"https:\/\/games.tactic.net\/sv\/wp-json\/wp\/v2\/target-group?post=59033"},{"taxonomy":"discontinued","embeddable":true,"href":"https:\/\/games.tactic.net\/sv\/wp-json\/wp\/v2\/discontinued?post=59033"}],"curies":[{"name":"wp","href":"https:\/\/api.w.org\/{rel}","templated":true}]}}