{"id":59031,"date":"2021-02-16T10:49:32","date_gmt":"2021-02-16T08:49:32","guid":{"rendered":"https:\/\/dev.tactic.net\/tuote\/schack\/"},"modified":"2023-10-25T15:47:58","modified_gmt":"2023-10-25T12:47:58","slug":"schack","status":"publish","type":"product","link":"https:\/\/games.tactic.net\/sv\/tuote\/schack\/","title":{"rendered":"Tactic Trendy Schack br\u00e4dspel"},"content":{"rendered":"<p>Klassiskt strategispel av massivt tr\u00e4 f\u00f6r tv\u00e5 spelare, h\u00e5ller f\u00f6r m\u00e5nga trevliga och utmanande stunder f\u00f6r hela familjen.<\/p>\n","protected":false},"excerpt":{"rendered":"<p>Klassiskt strategispel av massivt tr\u00e4 f\u00f6r tv\u00e5 spelare, h\u00e5ller f\u00f6r m\u00e5nga trevliga och utmanande stunder f\u00f6r hela familjen.<\/p>\n","protected":false},"featured_media":0,"template":"","meta":{"content-type":"","_monsterinsights_skip_tracking":false,"_monsterinsights_sitenote_active":false,"_monsterinsights_sitenote_note":"","_monsterinsights_sitenote_category":0},"product_brand":[],"product_cat":[1525,1577],"product_tag":[1265],"brand":[],"target-group":[],"discontinued":[],"class_list":{"0":"post-59031","1":"product","2":"type-product","3":"status-publish","5":"product_cat-klassiker","6":"product_cat-klassiska-spel-vuxenspel","7":"product_tag-taktik-sv","9":"first","10":"instock","11":"taxable","12":"shipping-taxable","13":"product-type-simple"},"aioseo_notices":[],"_links":{"self":[{"href":"https:\/\/games.tactic.net\/sv\/wp-json\/wp\/v2\/product\/59031","targetHints":{"allow":["GET"]}}],"collection":[{"href":"https:\/\/games.tactic.net\/sv\/wp-json\/wp\/v2\/product"}],"about":[{"href":"https:\/\/games.tactic.net\/sv\/wp-json\/wp\/v2\/types\/product"}],"wp:attachment":[{"href":"https:\/\/games.tactic.net\/sv\/wp-json\/wp\/v2\/media?parent=59031"}],"wp:term":[{"taxonomy":"product_brand","embeddable":true,"href":"https:\/\/games.tactic.net\/sv\/wp-json\/wp\/v2\/product_brand?post=59031"},{"taxonomy":"product_cat","embeddable":true,"href":"https:\/\/games.tactic.net\/sv\/wp-json\/wp\/v2\/product_cat?post=59031"},{"taxonomy":"product_tag","embeddable":true,"href":"https:\/\/games.tactic.net\/sv\/wp-json\/wp\/v2\/product_tag?post=59031"},{"taxonomy":"brand","embeddable":true,"href":"https:\/\/games.tactic.net\/sv\/wp-json\/wp\/v2\/brand?post=59031"},{"taxonomy":"target-group","embeddable":true,"href":"https:\/\/games.tactic.net\/sv\/wp-json\/wp\/v2\/target-group?post=59031"},{"taxonomy":"discontinued","embeddable":true,"href":"https:\/\/games.tactic.net\/sv\/wp-json\/wp\/v2\/discontinued?post=59031"}],"curies":[{"name":"wp","href":"https:\/\/api.w.org\/{rel}","templated":true}]}}