{"id":59030,"date":"2021-02-16T10:49:28","date_gmt":"2021-02-16T08:49:28","guid":{"rendered":"https:\/\/dev.tactic.net\/tuote\/solitare\/"},"modified":"2026-01-19T11:00:08","modified_gmt":"2026-01-19T09:00:08","slug":"solitare","status":"archive","type":"product","link":"https:\/\/games.tactic.net\/sv\/tuote\/solitare\/","title":{"rendered":"Tactic Trendy Solitare br\u00e4dspel"},"content":{"rendered":"<p>Ett klassiskt ensamspel av massivt tr\u00e4 som kan spelas p\u00e5 flera olika s\u00e4tt. Placera ut de 32 kulorna p\u00e5 spelplanen och l\u00e4mna det mittersta h\u00e5let tomt. Vid varje f\u00f6rflyttning, hoppa \u00f6ver en kula till ett tomt h\u00e5l och ta bort den \u00f6verhoppade kulan. M\u00e5let med spelet \u00e4r att ta bort s\u00e5 m\u00e5nga kulor som m\u00f6jligt.<\/p>\n","protected":false},"excerpt":{"rendered":"<p>Ett klassiskt ensamspel av massivt tr\u00e4 som kan spelas p\u00e5 flera olika s\u00e4tt.<\/p>\n","protected":false},"featured_media":0,"template":"","meta":{"content-type":"","_monsterinsights_skip_tracking":false,"_monsterinsights_sitenote_active":false,"_monsterinsights_sitenote_note":"","_monsterinsights_sitenote_category":0},"product_brand":[],"product_cat":[1525,1577],"product_tag":[1238],"brand":[],"target-group":[],"discontinued":[],"class_list":{"0":"post-59030","1":"product","2":"type-product","3":"status-archive","5":"product_cat-klassiker","6":"product_cat-klassiska-spel-vuxenspel","7":"product_tag-strategi-sv","9":"first","10":"outofstock","11":"taxable","12":"shipping-taxable","13":"product-type-simple"},"aioseo_notices":[],"_links":{"self":[{"href":"https:\/\/games.tactic.net\/sv\/wp-json\/wp\/v2\/product\/59030","targetHints":{"allow":["GET"]}}],"collection":[{"href":"https:\/\/games.tactic.net\/sv\/wp-json\/wp\/v2\/product"}],"about":[{"href":"https:\/\/games.tactic.net\/sv\/wp-json\/wp\/v2\/types\/product"}],"wp:attachment":[{"href":"https:\/\/games.tactic.net\/sv\/wp-json\/wp\/v2\/media?parent=59030"}],"wp:term":[{"taxonomy":"product_brand","embeddable":true,"href":"https:\/\/games.tactic.net\/sv\/wp-json\/wp\/v2\/product_brand?post=59030"},{"taxonomy":"product_cat","embeddable":true,"href":"https:\/\/games.tactic.net\/sv\/wp-json\/wp\/v2\/product_cat?post=59030"},{"taxonomy":"product_tag","embeddable":true,"href":"https:\/\/games.tactic.net\/sv\/wp-json\/wp\/v2\/product_tag?post=59030"},{"taxonomy":"brand","embeddable":true,"href":"https:\/\/games.tactic.net\/sv\/wp-json\/wp\/v2\/brand?post=59030"},{"taxonomy":"target-group","embeddable":true,"href":"https:\/\/games.tactic.net\/sv\/wp-json\/wp\/v2\/target-group?post=59030"},{"taxonomy":"discontinued","embeddable":true,"href":"https:\/\/games.tactic.net\/sv\/wp-json\/wp\/v2\/discontinued?post=59030"}],"curies":[{"name":"wp","href":"https:\/\/api.w.org\/{rel}","templated":true}]}}