{"id":59028,"date":"2021-02-16T10:49:21","date_gmt":"2021-02-16T08:49:21","guid":{"rendered":"https:\/\/dev.tactic.net\/tuote\/kinaschack\/"},"modified":"2023-10-25T15:49:11","modified_gmt":"2023-10-25T12:49:11","slug":"kinaschack","status":"publish","type":"product","link":"https:\/\/games.tactic.net\/sv\/tuote\/kinaschack\/","title":{"rendered":"Tactic Trendy Kinaschack br\u00e4dspel"},"content":{"rendered":"<p>Ett v\u00e4lk\u00e4nt och klassiskt familjespel av massivt tr\u00e4 som kan spelas p\u00e5 flera olika s\u00e4tt, f\u00f6r 2-3 spelare.<\/p>\n","protected":false},"excerpt":{"rendered":"<p>Ett v\u00e4lk\u00e4nt och klassiskt familjespel av massivt tr\u00e4 som kan spelas p\u00e5 flera olika s\u00e4tt, f\u00f6r 2-3 spelare.<\/p>\n","protected":false},"featured_media":0,"template":"","meta":{"content-type":"","_monsterinsights_skip_tracking":false,"_monsterinsights_sitenote_active":false,"_monsterinsights_sitenote_note":"","_monsterinsights_sitenote_category":0},"product_brand":[],"product_cat":[1525,1577],"product_tag":[1238],"brand":[],"target-group":[],"discontinued":[],"class_list":{"0":"post-59028","1":"product","2":"type-product","3":"status-publish","5":"product_cat-klassiker","6":"product_cat-klassiska-spel-vuxenspel","7":"product_tag-strategi-sv","9":"first","10":"instock","11":"taxable","12":"shipping-taxable","13":"product-type-simple"},"aioseo_notices":[],"_links":{"self":[{"href":"https:\/\/games.tactic.net\/sv\/wp-json\/wp\/v2\/product\/59028","targetHints":{"allow":["GET"]}}],"collection":[{"href":"https:\/\/games.tactic.net\/sv\/wp-json\/wp\/v2\/product"}],"about":[{"href":"https:\/\/games.tactic.net\/sv\/wp-json\/wp\/v2\/types\/product"}],"wp:attachment":[{"href":"https:\/\/games.tactic.net\/sv\/wp-json\/wp\/v2\/media?parent=59028"}],"wp:term":[{"taxonomy":"product_brand","embeddable":true,"href":"https:\/\/games.tactic.net\/sv\/wp-json\/wp\/v2\/product_brand?post=59028"},{"taxonomy":"product_cat","embeddable":true,"href":"https:\/\/games.tactic.net\/sv\/wp-json\/wp\/v2\/product_cat?post=59028"},{"taxonomy":"product_tag","embeddable":true,"href":"https:\/\/games.tactic.net\/sv\/wp-json\/wp\/v2\/product_tag?post=59028"},{"taxonomy":"brand","embeddable":true,"href":"https:\/\/games.tactic.net\/sv\/wp-json\/wp\/v2\/brand?post=59028"},{"taxonomy":"target-group","embeddable":true,"href":"https:\/\/games.tactic.net\/sv\/wp-json\/wp\/v2\/target-group?post=59028"},{"taxonomy":"discontinued","embeddable":true,"href":"https:\/\/games.tactic.net\/sv\/wp-json\/wp\/v2\/discontinued?post=59028"}],"curies":[{"name":"wp","href":"https:\/\/api.w.org\/{rel}","templated":true}]}}