{"id":59026,"date":"2021-02-16T10:49:18","date_gmt":"2021-02-16T08:49:18","guid":{"rendered":"https:\/\/dev.tactic.net\/tuote\/levande-charader\/"},"modified":"2023-10-25T14:20:54","modified_gmt":"2023-10-25T11:20:54","slug":"levande-charader","status":"publish","type":"product","link":"https:\/\/games.tactic.net\/sv\/tuote\/levande-charader\/","title":{"rendered":"Tactic Levande charader"},"content":{"rendered":"<p>Levande charader \u00e4r ett charadspel f\u00f6r 5 \u00e5r och \u00e4ldre. Sk\u00e5despelaruppgifterna passar s\u00e5v\u00e4l f\u00f6r barn som f\u00f6r hela familjen. De yngsta f\u00e5r g\u00f6ra charader enligt bilderna p\u00e5 korten \u2013 Hur skulle du till exempel upptr\u00e4da som ett lejon, en hund eller katt? De \u00e4ldre barnen f\u00e5r spela upp roliga aktiviteter: Att \u00e4ta spaghetti, att knyta fast skosn\u00f6ren osv. Alla har roligt med Levande charader \u2013 det \u00e4r sp\u00e4nnande att se om n\u00e5gon lyckas att gissa vad man f\u00f6rest\u00e4ller innan sanden i timglaset rinner igenom!<\/p>\n","protected":false},"excerpt":{"rendered":"<p>Levande charader \u00e4r ett charadspel f\u00f6r 5 \u00e5r och \u00e4ldre. Sk\u00e5despelaruppgifterna passar s\u00e5v\u00e4l f\u00f6r barn som f\u00f6r hela familjen.<\/p>\n","protected":false},"featured_media":0,"template":"","meta":{"content-type":"","_monsterinsights_skip_tracking":false,"_monsterinsights_sitenote_active":false,"_monsterinsights_sitenote_note":"","_monsterinsights_sitenote_category":0},"product_brand":[],"product_cat":[1462],"product_tag":[1220,845],"brand":[],"target-group":[],"discontinued":[],"class_list":{"0":"post-59026","1":"product","2":"type-product","3":"status-publish","5":"product_cat-bradspel-barnspel","6":"product_tag-aktion-sv","7":"product_tag-tillsammans","9":"first","10":"instock","11":"taxable","12":"shipping-taxable","13":"product-type-simple"},"aioseo_notices":[],"_links":{"self":[{"href":"https:\/\/games.tactic.net\/sv\/wp-json\/wp\/v2\/product\/59026","targetHints":{"allow":["GET"]}}],"collection":[{"href":"https:\/\/games.tactic.net\/sv\/wp-json\/wp\/v2\/product"}],"about":[{"href":"https:\/\/games.tactic.net\/sv\/wp-json\/wp\/v2\/types\/product"}],"wp:attachment":[{"href":"https:\/\/games.tactic.net\/sv\/wp-json\/wp\/v2\/media?parent=59026"}],"wp:term":[{"taxonomy":"product_brand","embeddable":true,"href":"https:\/\/games.tactic.net\/sv\/wp-json\/wp\/v2\/product_brand?post=59026"},{"taxonomy":"product_cat","embeddable":true,"href":"https:\/\/games.tactic.net\/sv\/wp-json\/wp\/v2\/product_cat?post=59026"},{"taxonomy":"product_tag","embeddable":true,"href":"https:\/\/games.tactic.net\/sv\/wp-json\/wp\/v2\/product_tag?post=59026"},{"taxonomy":"brand","embeddable":true,"href":"https:\/\/games.tactic.net\/sv\/wp-json\/wp\/v2\/brand?post=59026"},{"taxonomy":"target-group","embeddable":true,"href":"https:\/\/games.tactic.net\/sv\/wp-json\/wp\/v2\/target-group?post=59026"},{"taxonomy":"discontinued","embeddable":true,"href":"https:\/\/games.tactic.net\/sv\/wp-json\/wp\/v2\/discontinued?post=59026"}],"curies":[{"name":"wp","href":"https:\/\/api.w.org\/{rel}","templated":true}]}}