{"id":59011,"date":"2021-02-16T10:49:15","date_gmt":"2021-02-16T08:49:15","guid":{"rendered":"https:\/\/dev.tactic.net\/tuote\/safari\/"},"modified":"2022-02-09T13:46:40","modified_gmt":"2022-02-09T11:46:40","slug":"safari","status":"archive","type":"product","link":"https:\/\/games.tactic.net\/sv\/tuote\/safari\/","title":{"rendered":"Safari"},"content":{"rendered":"<p>Du deltar i en f\u00f6rtjusande safari och en djursk\u00f6tare leder dig till djuren i djungeln. G\u00e5 runtomkring i djungeln s\u00e5 kan du lyckas att samla alla de sex olika djuren. Det \u00e4r inte s\u00e5 l\u00e4tt, f\u00f6r en del av djuren g\u00f6mmer sig under buskar och sn\u00e5r. Var uppm\u00e4rksam! Den som f\u00f6rst lyckas samla alla de sex olika djuren vinner!<\/p>\n","protected":false},"excerpt":{"rendered":"<p>Du deltar i en f\u00f6rtjusande safari och en djursk\u00f6tare leder dig till djuren i djungeln. G\u00e5 runtomkring i djungeln s\u00e5 kan du lyckas att samla alla de sex olika djuren. Det \u00e4r inte s\u00e5 l\u00e4tt, f\u00f6r en del av djuren g\u00f6mmer sig under buskar och sn\u00e5r. Var uppm\u00e4rksam! Den som f\u00f6rst lyckas samla alla de sex olika djuren vinner!<\/p>\n","protected":false},"featured_media":0,"template":"","meta":{"content-type":"","_monsterinsights_skip_tracking":false,"_monsterinsights_sitenote_active":false,"_monsterinsights_sitenote_note":"","_monsterinsights_sitenote_category":0},"product_brand":[],"product_cat":[303],"product_tag":[],"brand":[],"target-group":[],"discontinued":[],"class_list":{"0":"post-59011","1":"product","2":"type-product","3":"status-archive","5":"product_cat-barnspel","7":"first","8":"outofstock","9":"taxable","10":"shipping-taxable","11":"product-type-simple"},"aioseo_notices":[],"_links":{"self":[{"href":"https:\/\/games.tactic.net\/sv\/wp-json\/wp\/v2\/product\/59011","targetHints":{"allow":["GET"]}}],"collection":[{"href":"https:\/\/games.tactic.net\/sv\/wp-json\/wp\/v2\/product"}],"about":[{"href":"https:\/\/games.tactic.net\/sv\/wp-json\/wp\/v2\/types\/product"}],"wp:attachment":[{"href":"https:\/\/games.tactic.net\/sv\/wp-json\/wp\/v2\/media?parent=59011"}],"wp:term":[{"taxonomy":"product_brand","embeddable":true,"href":"https:\/\/games.tactic.net\/sv\/wp-json\/wp\/v2\/product_brand?post=59011"},{"taxonomy":"product_cat","embeddable":true,"href":"https:\/\/games.tactic.net\/sv\/wp-json\/wp\/v2\/product_cat?post=59011"},{"taxonomy":"product_tag","embeddable":true,"href":"https:\/\/games.tactic.net\/sv\/wp-json\/wp\/v2\/product_tag?post=59011"},{"taxonomy":"brand","embeddable":true,"href":"https:\/\/games.tactic.net\/sv\/wp-json\/wp\/v2\/brand?post=59011"},{"taxonomy":"target-group","embeddable":true,"href":"https:\/\/games.tactic.net\/sv\/wp-json\/wp\/v2\/target-group?post=59011"},{"taxonomy":"discontinued","embeddable":true,"href":"https:\/\/games.tactic.net\/sv\/wp-json\/wp\/v2\/discontinued?post=59011"}],"curies":[{"name":"wp","href":"https:\/\/api.w.org\/{rel}","templated":true}]}}