{"id":588815,"date":"2022-06-02T15:47:17","date_gmt":"2022-06-02T12:47:17","guid":{"rendered":"http:\/\/games.tactic.net\/tuote\/caterpillar-skid-steer-loader\/"},"modified":"2023-10-20T15:39:06","modified_gmt":"2023-10-20T12:39:06","slug":"caterpillar-skid-steer-loader","status":"publish","type":"product","link":"https:\/\/games.tactic.net\/sv\/tuote\/caterpillar-skid-steer-loader\/","title":{"rendered":"Bruder CAT Skid steer loader toy"},"content":{"rendered":"<p>Denna m\u00e5ngsidiga kompaktlastare passar perfekt till s\u00e5v\u00e4l byggarbeten, jordbearbetning, jordbruk som till mycket annat! Lyftarmarna r\u00f6r sig exakt som p\u00e5 de stora maskinerna, och ist\u00e4llet f\u00f6r skopan kan du koppla m\u00e5nga slags till\u00e4ggsdelar!<\/p>\n","protected":false},"excerpt":{"rendered":"<p>Denna m\u00e5ngsidiga kompaktlastare passar perfekt till s\u00e5v\u00e4l byggarbeten, jordbearbetning, jordbruk som till mycket annat!<\/p>\n","protected":false},"featured_media":0,"template":"","meta":{"content-type":"","_monsterinsights_skip_tracking":false,"_monsterinsights_sitenote_active":false,"_monsterinsights_sitenote_note":"","_monsterinsights_sitenote_category":0},"product_brand":[],"product_cat":[823],"product_tag":[],"brand":[],"target-group":[],"discontinued":[],"class_list":{"0":"post-588815","1":"product","2":"type-product","3":"status-publish","5":"product_cat-bruder","7":"first","8":"outofstock","9":"taxable","10":"shipping-taxable","11":"product-type-simple"},"aioseo_notices":[],"_links":{"self":[{"href":"https:\/\/games.tactic.net\/sv\/wp-json\/wp\/v2\/product\/588815","targetHints":{"allow":["GET"]}}],"collection":[{"href":"https:\/\/games.tactic.net\/sv\/wp-json\/wp\/v2\/product"}],"about":[{"href":"https:\/\/games.tactic.net\/sv\/wp-json\/wp\/v2\/types\/product"}],"wp:attachment":[{"href":"https:\/\/games.tactic.net\/sv\/wp-json\/wp\/v2\/media?parent=588815"}],"wp:term":[{"taxonomy":"product_brand","embeddable":true,"href":"https:\/\/games.tactic.net\/sv\/wp-json\/wp\/v2\/product_brand?post=588815"},{"taxonomy":"product_cat","embeddable":true,"href":"https:\/\/games.tactic.net\/sv\/wp-json\/wp\/v2\/product_cat?post=588815"},{"taxonomy":"product_tag","embeddable":true,"href":"https:\/\/games.tactic.net\/sv\/wp-json\/wp\/v2\/product_tag?post=588815"},{"taxonomy":"brand","embeddable":true,"href":"https:\/\/games.tactic.net\/sv\/wp-json\/wp\/v2\/brand?post=588815"},{"taxonomy":"target-group","embeddable":true,"href":"https:\/\/games.tactic.net\/sv\/wp-json\/wp\/v2\/target-group?post=588815"},{"taxonomy":"discontinued","embeddable":true,"href":"https:\/\/games.tactic.net\/sv\/wp-json\/wp\/v2\/discontinued?post=588815"}],"curies":[{"name":"wp","href":"https:\/\/api.w.org\/{rel}","templated":true}]}}