{"id":58879,"date":"2021-02-16T10:48:52","date_gmt":"2021-02-16T08:48:52","guid":{"rendered":"https:\/\/dev.tactic.net\/tuote\/collection-classique-5-in-1\/"},"modified":"2023-09-27T11:23:19","modified_gmt":"2023-09-27T08:23:19","slug":"collection-classique-5-in-1","status":"publish","type":"product","link":"https:\/\/games.tactic.net\/sv\/tuote\/collection-classique-5-in-1\/","title":{"rendered":"Tactic Deluxe 5 i 1 br\u00e4dspel"},"content":{"rendered":"<p>Fem spelklassiker, d\u00e4r de h\u00f6gklassiga och h\u00e5llbara delarna av tr\u00e4 garanterar flera utmanande spelstunder f\u00f6r hela familjen. Inneh\u00e5ller spelplan och speltillbeh\u00f6r f\u00f6r backgammon, dam, luffarschack och schack samt dominobrickor. Spelplan 28 x 28 x 1,7 cm.<\/p>\n","protected":false},"excerpt":{"rendered":"<p>Fem spelklassiker, d\u00e4r de h\u00f6gklassiga och h\u00e5llbara delarna av tr\u00e4 garanterar flera utmanande spelstunder f\u00f6r hela familjen.<\/p>\n","protected":false},"featured_media":0,"template":"","meta":{"content-type":"","_monsterinsights_skip_tracking":false,"_monsterinsights_sitenote_active":false,"_monsterinsights_sitenote_note":"","_monsterinsights_sitenote_category":0},"product_brand":[],"product_cat":[1525,1577],"product_tag":[1238,1265,932],"brand":[],"target-group":[],"discontinued":[],"class_list":{"0":"post-58879","1":"product","2":"type-product","3":"status-publish","5":"product_cat-klassiker","6":"product_cat-klassiska-spel-vuxenspel","7":"product_tag-strategi-sv","8":"product_tag-taktik-sv","9":"product_tag-tidsfordriv","11":"first","12":"instock","13":"taxable","14":"shipping-taxable","15":"product-type-simple"},"aioseo_notices":[],"_links":{"self":[{"href":"https:\/\/games.tactic.net\/sv\/wp-json\/wp\/v2\/product\/58879","targetHints":{"allow":["GET"]}}],"collection":[{"href":"https:\/\/games.tactic.net\/sv\/wp-json\/wp\/v2\/product"}],"about":[{"href":"https:\/\/games.tactic.net\/sv\/wp-json\/wp\/v2\/types\/product"}],"wp:attachment":[{"href":"https:\/\/games.tactic.net\/sv\/wp-json\/wp\/v2\/media?parent=58879"}],"wp:term":[{"taxonomy":"product_brand","embeddable":true,"href":"https:\/\/games.tactic.net\/sv\/wp-json\/wp\/v2\/product_brand?post=58879"},{"taxonomy":"product_cat","embeddable":true,"href":"https:\/\/games.tactic.net\/sv\/wp-json\/wp\/v2\/product_cat?post=58879"},{"taxonomy":"product_tag","embeddable":true,"href":"https:\/\/games.tactic.net\/sv\/wp-json\/wp\/v2\/product_tag?post=58879"},{"taxonomy":"brand","embeddable":true,"href":"https:\/\/games.tactic.net\/sv\/wp-json\/wp\/v2\/brand?post=58879"},{"taxonomy":"target-group","embeddable":true,"href":"https:\/\/games.tactic.net\/sv\/wp-json\/wp\/v2\/target-group?post=58879"},{"taxonomy":"discontinued","embeddable":true,"href":"https:\/\/games.tactic.net\/sv\/wp-json\/wp\/v2\/discontinued?post=58879"}],"curies":[{"name":"wp","href":"https:\/\/api.w.org\/{rel}","templated":true}]}}