{"id":58876,"date":"2021-02-16T10:48:41","date_gmt":"2021-02-16T08:48:41","guid":{"rendered":"https:\/\/dev.tactic.net\/tuote\/collection-classique-schackset\/"},"modified":"2023-09-27T11:20:09","modified_gmt":"2023-09-27T08:20:09","slug":"collection-classique-schackset","status":"publish","type":"product","link":"https:\/\/games.tactic.net\/sv\/tuote\/collection-classique-schackset\/","title":{"rendered":"Tactic Deluxe Schack br\u00e4dspel"},"content":{"rendered":"<p>En spelklassiker, d\u00e4r de h\u00f6gklassiga och h\u00e5llbara delarna av tr\u00e4 garanterar flera utmanande spelstunder f\u00f6r hela familjen. Br\u00e4det 28&#215;28 cm av massivt tr\u00e4. Kungens h\u00f6jd: 60 mm, filtkl\u00e4dda pj\u00e4ser.<\/p>\n","protected":false},"excerpt":{"rendered":"<p>En spelklassiker, d\u00e4r de h\u00f6gklassiga och h\u00e5llbara delarna av tr\u00e4 garanterar flera utmanande spelstunder f\u00f6r hela familjen.<\/p>\n","protected":false},"featured_media":0,"template":"","meta":{"content-type":"","_monsterinsights_skip_tracking":false,"_monsterinsights_sitenote_active":false,"_monsterinsights_sitenote_note":"","_monsterinsights_sitenote_category":0},"product_brand":[],"product_cat":[1525,1577],"product_tag":[1238,1265],"brand":[],"target-group":[],"discontinued":[],"class_list":{"0":"post-58876","1":"product","2":"type-product","3":"status-publish","5":"product_cat-klassiker","6":"product_cat-klassiska-spel-vuxenspel","7":"product_tag-strategi-sv","8":"product_tag-taktik-sv","10":"first","11":"instock","12":"taxable","13":"shipping-taxable","14":"product-type-simple"},"aioseo_notices":[],"_links":{"self":[{"href":"https:\/\/games.tactic.net\/sv\/wp-json\/wp\/v2\/product\/58876","targetHints":{"allow":["GET"]}}],"collection":[{"href":"https:\/\/games.tactic.net\/sv\/wp-json\/wp\/v2\/product"}],"about":[{"href":"https:\/\/games.tactic.net\/sv\/wp-json\/wp\/v2\/types\/product"}],"wp:attachment":[{"href":"https:\/\/games.tactic.net\/sv\/wp-json\/wp\/v2\/media?parent=58876"}],"wp:term":[{"taxonomy":"product_brand","embeddable":true,"href":"https:\/\/games.tactic.net\/sv\/wp-json\/wp\/v2\/product_brand?post=58876"},{"taxonomy":"product_cat","embeddable":true,"href":"https:\/\/games.tactic.net\/sv\/wp-json\/wp\/v2\/product_cat?post=58876"},{"taxonomy":"product_tag","embeddable":true,"href":"https:\/\/games.tactic.net\/sv\/wp-json\/wp\/v2\/product_tag?post=58876"},{"taxonomy":"brand","embeddable":true,"href":"https:\/\/games.tactic.net\/sv\/wp-json\/wp\/v2\/brand?post=58876"},{"taxonomy":"target-group","embeddable":true,"href":"https:\/\/games.tactic.net\/sv\/wp-json\/wp\/v2\/target-group?post=58876"},{"taxonomy":"discontinued","embeddable":true,"href":"https:\/\/games.tactic.net\/sv\/wp-json\/wp\/v2\/discontinued?post=58876"}],"curies":[{"name":"wp","href":"https:\/\/api.w.org\/{rel}","templated":true}]}}