{"id":58875,"date":"2021-02-16T10:48:38","date_gmt":"2021-02-16T08:48:38","guid":{"rendered":"https:\/\/dev.tactic.net\/tuote\/20-kortspel\/"},"modified":"2023-10-25T14:23:57","modified_gmt":"2023-10-25T11:23:57","slug":"20-kortspel","status":"publish","type":"product","link":"https:\/\/games.tactic.net\/sv\/tuote\/20-kortspel\/","title":{"rendered":"Tactic 20 Kortspel"},"content":{"rendered":"<p>Kom med in i kortspelens fascinerande v\u00e4rld. I spelet finns 2 kortlekar, spel-pengar, noteringsblock och regler till 20 k\u00e4nda och intressanta kortspel. Fr\u00e5n enkla barnspel till hasardliknande spel. Kort med svenska figurer.<\/p>\n","protected":false},"excerpt":{"rendered":"<p>Kom med in i kortspelens fascinerande v\u00e4rld.<\/p>\n","protected":false},"featured_media":0,"template":"","meta":{"content-type":"","_monsterinsights_skip_tracking":false,"_monsterinsights_sitenote_active":false,"_monsterinsights_sitenote_note":"","_monsterinsights_sitenote_category":0},"product_brand":[],"product_cat":[1563],"product_tag":[],"brand":[],"target-group":[],"discontinued":[],"class_list":{"0":"post-58875","1":"product","2":"type-product","3":"status-publish","5":"product_cat-kort-och-tarningsspel","7":"first","8":"instock","9":"taxable","10":"shipping-taxable","11":"product-type-simple"},"aioseo_notices":[],"_links":{"self":[{"href":"https:\/\/games.tactic.net\/sv\/wp-json\/wp\/v2\/product\/58875","targetHints":{"allow":["GET"]}}],"collection":[{"href":"https:\/\/games.tactic.net\/sv\/wp-json\/wp\/v2\/product"}],"about":[{"href":"https:\/\/games.tactic.net\/sv\/wp-json\/wp\/v2\/types\/product"}],"wp:attachment":[{"href":"https:\/\/games.tactic.net\/sv\/wp-json\/wp\/v2\/media?parent=58875"}],"wp:term":[{"taxonomy":"product_brand","embeddable":true,"href":"https:\/\/games.tactic.net\/sv\/wp-json\/wp\/v2\/product_brand?post=58875"},{"taxonomy":"product_cat","embeddable":true,"href":"https:\/\/games.tactic.net\/sv\/wp-json\/wp\/v2\/product_cat?post=58875"},{"taxonomy":"product_tag","embeddable":true,"href":"https:\/\/games.tactic.net\/sv\/wp-json\/wp\/v2\/product_tag?post=58875"},{"taxonomy":"brand","embeddable":true,"href":"https:\/\/games.tactic.net\/sv\/wp-json\/wp\/v2\/brand?post=58875"},{"taxonomy":"target-group","embeddable":true,"href":"https:\/\/games.tactic.net\/sv\/wp-json\/wp\/v2\/target-group?post=58875"},{"taxonomy":"discontinued","embeddable":true,"href":"https:\/\/games.tactic.net\/sv\/wp-json\/wp\/v2\/discontinued?post=58875"}],"curies":[{"name":"wp","href":"https:\/\/api.w.org\/{rel}","templated":true}]}}