{"id":58874,"date":"2021-02-16T10:48:35","date_gmt":"2021-02-16T08:48:35","guid":{"rendered":"https:\/\/dev.tactic.net\/tuote\/rummy\/"},"modified":"2023-10-25T14:58:15","modified_gmt":"2023-10-25T11:58:15","slug":"rummy","status":"publish","type":"product","link":"https:\/\/games.tactic.net\/sv\/tuote\/rummy\/","title":{"rendered":"Tactic Deluxe Rummy br\u00e4dspel"},"content":{"rendered":"<p>Rummy \u00e4r ett spel d\u00e4r man t\u00e4vlar om po\u00e4ng med andra spelare p\u00e5 ett roligt och trivsamt s\u00e4tt. I detta utmanande spel l\u00e4gger man brickor p\u00e5 bordet som antingen har samma siffror eller \u00e4r i nummerf\u00f6ljd. Den spelare som f\u00f6rst har blivit av med sina brickor vinner. Spelets delar \u00e4r h\u00f6gklassiga, det \u00e4r l\u00e4tt att l\u00e4ra sig spelet och det \u00e4r ocks\u00e5 utmanande f\u00f6r mycket skickliga spelare.<\/p>\n","protected":false},"excerpt":{"rendered":"<p>Rummy \u00e4r ett spel d\u00e4r man t\u00e4vlar om po\u00e4ng med andra spelare p\u00e5 ett roligt och trivsamt s\u00e4tt. I detta utmanande spel l\u00e4gger man brickor p\u00e5 bordet som antingen har samma siffror eller \u00e4r i nummerf\u00f6ljd.<\/p>\n","protected":false},"featured_media":0,"template":"","meta":{"content-type":"","_monsterinsights_skip_tracking":false,"_monsterinsights_sitenote_active":false,"_monsterinsights_sitenote_note":"","_monsterinsights_sitenote_category":0},"product_brand":[],"product_cat":[1525,1577],"product_tag":[1235,1238],"brand":[],"target-group":[],"discontinued":[],"class_list":{"0":"post-58874","1":"product","2":"type-product","3":"status-publish","5":"product_cat-klassiker","6":"product_cat-klassiska-spel-vuxenspel","7":"product_tag-kombinera-sv","8":"product_tag-strategi-sv","10":"first","11":"instock","12":"taxable","13":"shipping-taxable","14":"product-type-simple"},"aioseo_notices":[],"_links":{"self":[{"href":"https:\/\/games.tactic.net\/sv\/wp-json\/wp\/v2\/product\/58874","targetHints":{"allow":["GET"]}}],"collection":[{"href":"https:\/\/games.tactic.net\/sv\/wp-json\/wp\/v2\/product"}],"about":[{"href":"https:\/\/games.tactic.net\/sv\/wp-json\/wp\/v2\/types\/product"}],"wp:attachment":[{"href":"https:\/\/games.tactic.net\/sv\/wp-json\/wp\/v2\/media?parent=58874"}],"wp:term":[{"taxonomy":"product_brand","embeddable":true,"href":"https:\/\/games.tactic.net\/sv\/wp-json\/wp\/v2\/product_brand?post=58874"},{"taxonomy":"product_cat","embeddable":true,"href":"https:\/\/games.tactic.net\/sv\/wp-json\/wp\/v2\/product_cat?post=58874"},{"taxonomy":"product_tag","embeddable":true,"href":"https:\/\/games.tactic.net\/sv\/wp-json\/wp\/v2\/product_tag?post=58874"},{"taxonomy":"brand","embeddable":true,"href":"https:\/\/games.tactic.net\/sv\/wp-json\/wp\/v2\/brand?post=58874"},{"taxonomy":"target-group","embeddable":true,"href":"https:\/\/games.tactic.net\/sv\/wp-json\/wp\/v2\/target-group?post=58874"},{"taxonomy":"discontinued","embeddable":true,"href":"https:\/\/games.tactic.net\/sv\/wp-json\/wp\/v2\/discontinued?post=58874"}],"curies":[{"name":"wp","href":"https:\/\/api.w.org\/{rel}","templated":true}]}}