{"id":58873,"date":"2021-02-16T10:48:32","date_gmt":"2021-02-16T08:48:32","guid":{"rendered":"https:\/\/dev.tactic.net\/tuote\/a-o\/"},"modified":"2022-02-09T14:13:27","modified_gmt":"2022-02-09T12:13:27","slug":"a-o","status":"archive","type":"product","link":"https:\/\/games.tactic.net\/sv\/tuote\/a-o\/","title":{"rendered":"A-\u00d6"},"content":{"rendered":"<p>Du ska p\u00e5 tid bli f\u00f6rst med att t\u00e4cka din bokstavsbricka<br \/>\n(A-\u00d6) genom att s\u00e4ga ord med r\u00e4tt begynnelsebokstav i den<br \/>\nkategori som t\u00e4rningen har valt. T.ex., kategorin \u201cfi skar\u201d:<br \/>\nDu s\u00e4ger abborre, sik och g\u00e4dda och kan d\u00e5 t\u00e4cka \u00f6ver de<br \/>\ntomma bokst\u00e4verna A,S och G p\u00e5 din bricka. N\u00e4sta g\u00e5ng s\u00e5<br \/>\nkanske det blir kategorin \u201cSj\u00f6ar\u201d och du s\u00e4ger d\u00e5 V\u00e4nern,<br \/>\nM\u00e4laren och Hj\u00e4lmaren och kan d\u00e5 t\u00e4cka \u00f6ver bokst\u00e4verna<br \/>\nV, M och H.<\/p>\n","protected":false},"excerpt":{"rendered":"<p>Du ska p\u00e5 tid bli f\u00f6rst med att t\u00e4cka din bokstavsbricka<br \/>\n(A-\u00d6) genom att s\u00e4ga ord med r\u00e4tt begynnelsebokstav i den<br \/>\nkategori som t\u00e4rningen har valt.<\/p>\n","protected":false},"featured_media":0,"template":"","meta":{"content-type":"","_monsterinsights_skip_tracking":false,"_monsterinsights_sitenote_active":false,"_monsterinsights_sitenote_note":"","_monsterinsights_sitenote_category":0},"product_brand":[],"product_cat":[365],"product_tag":[],"brand":[],"target-group":[],"discontinued":[],"class_list":{"0":"post-58873","1":"product","2":"type-product","3":"status-archive","5":"product_cat-familjespel","7":"first","8":"outofstock","9":"taxable","10":"shipping-taxable","11":"product-type-simple"},"aioseo_notices":[],"_links":{"self":[{"href":"https:\/\/games.tactic.net\/sv\/wp-json\/wp\/v2\/product\/58873","targetHints":{"allow":["GET"]}}],"collection":[{"href":"https:\/\/games.tactic.net\/sv\/wp-json\/wp\/v2\/product"}],"about":[{"href":"https:\/\/games.tactic.net\/sv\/wp-json\/wp\/v2\/types\/product"}],"wp:attachment":[{"href":"https:\/\/games.tactic.net\/sv\/wp-json\/wp\/v2\/media?parent=58873"}],"wp:term":[{"taxonomy":"product_brand","embeddable":true,"href":"https:\/\/games.tactic.net\/sv\/wp-json\/wp\/v2\/product_brand?post=58873"},{"taxonomy":"product_cat","embeddable":true,"href":"https:\/\/games.tactic.net\/sv\/wp-json\/wp\/v2\/product_cat?post=58873"},{"taxonomy":"product_tag","embeddable":true,"href":"https:\/\/games.tactic.net\/sv\/wp-json\/wp\/v2\/product_tag?post=58873"},{"taxonomy":"brand","embeddable":true,"href":"https:\/\/games.tactic.net\/sv\/wp-json\/wp\/v2\/brand?post=58873"},{"taxonomy":"target-group","embeddable":true,"href":"https:\/\/games.tactic.net\/sv\/wp-json\/wp\/v2\/target-group?post=58873"},{"taxonomy":"discontinued","embeddable":true,"href":"https:\/\/games.tactic.net\/sv\/wp-json\/wp\/v2\/discontinued?post=58873"}],"curies":[{"name":"wp","href":"https:\/\/api.w.org\/{rel}","templated":true}]}}