{"id":58814,"date":"2021-02-16T10:47:38","date_gmt":"2021-02-16T08:47:38","guid":{"rendered":"https:\/\/dev.tactic.net\/tuote\/maxi-yatzy\/"},"modified":"2023-10-25T14:47:57","modified_gmt":"2023-10-25T11:47:57","slug":"maxi-yatzy","status":"publish","type":"product","link":"https:\/\/games.tactic.net\/sv\/tuote\/maxi-yatzy\/","title":{"rendered":"Tactic Maxi Yatzy t\u00e4rningsspel"},"content":{"rendered":"<p>Ett roligt t\u00e4rningsspel som spelas med sex t\u00e4rningar. Vinnaren \u00e4r den som efter det ifyllda protokollet har f\u00e5tt det h\u00f6gsta po\u00e4ngtalet.<\/p>\n","protected":false},"excerpt":{"rendered":"<p>Ett roligt t\u00e4rningsspel som spelas med sex t\u00e4rningar. Vinnaren \u00e4r den som efter det ifyllda protokollet har f\u00e5tt det h\u00f6gsta po\u00e4ngtalet.<\/p>\n","protected":false},"featured_media":0,"template":"","meta":{"content-type":"","_monsterinsights_skip_tracking":false,"_monsterinsights_sitenote_active":false,"_monsterinsights_sitenote_note":"","_monsterinsights_sitenote_category":0},"product_brand":[],"product_cat":[1563,1578],"product_tag":[],"brand":[],"target-group":[],"discontinued":[],"class_list":{"0":"post-58814","1":"product","2":"type-product","3":"status-publish","5":"product_cat-kort-och-tarningsspel","6":"product_cat-kort-och-tarningsspel-familjespel","8":"first","9":"instock","10":"taxable","11":"shipping-taxable","12":"product-type-simple"},"aioseo_notices":[],"_links":{"self":[{"href":"https:\/\/games.tactic.net\/sv\/wp-json\/wp\/v2\/product\/58814","targetHints":{"allow":["GET"]}}],"collection":[{"href":"https:\/\/games.tactic.net\/sv\/wp-json\/wp\/v2\/product"}],"about":[{"href":"https:\/\/games.tactic.net\/sv\/wp-json\/wp\/v2\/types\/product"}],"wp:attachment":[{"href":"https:\/\/games.tactic.net\/sv\/wp-json\/wp\/v2\/media?parent=58814"}],"wp:term":[{"taxonomy":"product_brand","embeddable":true,"href":"https:\/\/games.tactic.net\/sv\/wp-json\/wp\/v2\/product_brand?post=58814"},{"taxonomy":"product_cat","embeddable":true,"href":"https:\/\/games.tactic.net\/sv\/wp-json\/wp\/v2\/product_cat?post=58814"},{"taxonomy":"product_tag","embeddable":true,"href":"https:\/\/games.tactic.net\/sv\/wp-json\/wp\/v2\/product_tag?post=58814"},{"taxonomy":"brand","embeddable":true,"href":"https:\/\/games.tactic.net\/sv\/wp-json\/wp\/v2\/brand?post=58814"},{"taxonomy":"target-group","embeddable":true,"href":"https:\/\/games.tactic.net\/sv\/wp-json\/wp\/v2\/target-group?post=58814"},{"taxonomy":"discontinued","embeddable":true,"href":"https:\/\/games.tactic.net\/sv\/wp-json\/wp\/v2\/discontinued?post=58814"}],"curies":[{"name":"wp","href":"https:\/\/api.w.org\/{rel}","templated":true}]}}