{"id":58813,"date":"2021-02-16T10:47:29","date_gmt":"2021-02-16T08:47:29","guid":{"rendered":"https:\/\/dev.tactic.net\/tuote\/familje-alias\/"},"modified":"2022-02-09T14:13:57","modified_gmt":"2022-02-09T12:13:57","slug":"familje-alias","status":"archive","type":"product","link":"https:\/\/games.tactic.net\/sv\/tuote\/familje-alias\/","title":{"rendered":"Familje Alias"},"content":{"rendered":"<h2>&lt;a href=&quot;http:\/\/www.tactic.net\/product.php?lang=SWE<\/p>\n","protected":false},"excerpt":{"rendered":"<p>Familje Alias \u00e4r ett roligt ord- och bildf\u00f6rklaringsspel d\u00e4r det g\u00e4ller att f\u00e5 sitt lag att gissa saker och ting genom att f\u00f6rklara ord och bilder s\u00e5 snabbt som m\u00f6jligt.<\/p>\n","protected":false},"featured_media":0,"template":"","meta":{"content-type":"","_monsterinsights_skip_tracking":false,"_monsterinsights_sitenote_active":false,"_monsterinsights_sitenote_note":"","_monsterinsights_sitenote_category":0},"product_brand":[],"product_cat":[365],"product_tag":[],"brand":[],"target-group":[],"discontinued":[],"class_list":{"0":"post-58813","1":"product","2":"type-product","3":"status-archive","5":"product_cat-familjespel","7":"first","8":"outofstock","9":"taxable","10":"shipping-taxable","11":"product-type-simple"},"aioseo_notices":[],"_links":{"self":[{"href":"https:\/\/games.tactic.net\/sv\/wp-json\/wp\/v2\/product\/58813","targetHints":{"allow":["GET"]}}],"collection":[{"href":"https:\/\/games.tactic.net\/sv\/wp-json\/wp\/v2\/product"}],"about":[{"href":"https:\/\/games.tactic.net\/sv\/wp-json\/wp\/v2\/types\/product"}],"wp:attachment":[{"href":"https:\/\/games.tactic.net\/sv\/wp-json\/wp\/v2\/media?parent=58813"}],"wp:term":[{"taxonomy":"product_brand","embeddable":true,"href":"https:\/\/games.tactic.net\/sv\/wp-json\/wp\/v2\/product_brand?post=58813"},{"taxonomy":"product_cat","embeddable":true,"href":"https:\/\/games.tactic.net\/sv\/wp-json\/wp\/v2\/product_cat?post=58813"},{"taxonomy":"product_tag","embeddable":true,"href":"https:\/\/games.tactic.net\/sv\/wp-json\/wp\/v2\/product_tag?post=58813"},{"taxonomy":"brand","embeddable":true,"href":"https:\/\/games.tactic.net\/sv\/wp-json\/wp\/v2\/brand?post=58813"},{"taxonomy":"target-group","embeddable":true,"href":"https:\/\/games.tactic.net\/sv\/wp-json\/wp\/v2\/target-group?post=58813"},{"taxonomy":"discontinued","embeddable":true,"href":"https:\/\/games.tactic.net\/sv\/wp-json\/wp\/v2\/discontinued?post=58813"}],"curies":[{"name":"wp","href":"https:\/\/api.w.org\/{rel}","templated":true}]}}