{"id":58798,"date":"2021-02-16T10:47:22","date_gmt":"2021-02-16T08:47:22","guid":{"rendered":"https:\/\/dev.tactic.net\/tuote\/flaggspectrum\/"},"modified":"2025-01-17T10:59:10","modified_gmt":"2025-01-17T08:59:10","slug":"flaggspectrum","status":"publish","type":"product","link":"https:\/\/games.tactic.net\/sv\/tuote\/flaggspectrum\/","title":{"rendered":"Tactic V\u00e4rldens flaggor br\u00e4dspel"},"content":{"rendered":"<p>En ny uppdaterad version! Flaggor, l\u00e4nder och huvudst\u00e4der fr\u00e5n hela v\u00e4rlden! Ett mycket l\u00e4rorikt spel. Best\u00e5r av 200 fl aggkort med karta och geografi ska ledtr\u00e5dar. Alla sj\u00e4lvst\u00e4ndiga l\u00e4nder och huvudst\u00e4der \u00e4r med. Flera olika spels\u00e4tt som kan anpassas efter \u00e5lder och kunskaper. Intressant f\u00f6r alla, barn och vuxna. Perfekt p\u00e5 flyget, i bilen, b\u00e5ten, bussen, p\u00e5 campingplatsen, sommarstugan mm.<\/p>\n<p><img decoding=\"async\" src=\"https:\\\\\\\\games.tactic.net\\\\pic\\\\logo\\\\Awarded_concept.png\"><img decoding=\"async\" src=\"https:\\\\\\\\games.tactic.net\\\\pic\\\\logo\\\\UK_2014_silver-winner-ribbon.png\"><\/p>\n","protected":false},"excerpt":{"rendered":"<p>En ny uppdaterad version! Flaggor, l\u00e4nder och huvudst\u00e4der fr\u00e5n hela v\u00e4rlden! Ett mycket l\u00e4rorikt spel.<\/p>\n","protected":false},"featured_media":0,"template":"","meta":{"content-type":"","_monsterinsights_skip_tracking":false,"_monsterinsights_sitenote_active":false,"_monsterinsights_sitenote_note":"","_monsterinsights_sitenote_category":0},"product_brand":[],"product_cat":[1524],"product_tag":[849,1254],"brand":[],"target-group":[],"discontinued":[],"class_list":{"0":"post-58798","1":"product","2":"type-product","3":"status-publish","5":"product_cat-fragespel-familjespel","6":"product_tag-kunskap","7":"product_tag-pedagogisk-sv","9":"first","10":"instock","11":"taxable","12":"shipping-taxable","13":"product-type-simple"},"aioseo_notices":[],"_links":{"self":[{"href":"https:\/\/games.tactic.net\/sv\/wp-json\/wp\/v2\/product\/58798","targetHints":{"allow":["GET"]}}],"collection":[{"href":"https:\/\/games.tactic.net\/sv\/wp-json\/wp\/v2\/product"}],"about":[{"href":"https:\/\/games.tactic.net\/sv\/wp-json\/wp\/v2\/types\/product"}],"wp:attachment":[{"href":"https:\/\/games.tactic.net\/sv\/wp-json\/wp\/v2\/media?parent=58798"}],"wp:term":[{"taxonomy":"product_brand","embeddable":true,"href":"https:\/\/games.tactic.net\/sv\/wp-json\/wp\/v2\/product_brand?post=58798"},{"taxonomy":"product_cat","embeddable":true,"href":"https:\/\/games.tactic.net\/sv\/wp-json\/wp\/v2\/product_cat?post=58798"},{"taxonomy":"product_tag","embeddable":true,"href":"https:\/\/games.tactic.net\/sv\/wp-json\/wp\/v2\/product_tag?post=58798"},{"taxonomy":"brand","embeddable":true,"href":"https:\/\/games.tactic.net\/sv\/wp-json\/wp\/v2\/brand?post=58798"},{"taxonomy":"target-group","embeddable":true,"href":"https:\/\/games.tactic.net\/sv\/wp-json\/wp\/v2\/target-group?post=58798"},{"taxonomy":"discontinued","embeddable":true,"href":"https:\/\/games.tactic.net\/sv\/wp-json\/wp\/v2\/discontinued?post=58798"}],"curies":[{"name":"wp","href":"https:\/\/api.w.org\/{rel}","templated":true}]}}