{"id":581660,"date":"2022-05-20T12:50:09","date_gmt":"2022-05-20T09:50:09","guid":{"rendered":"http:\/\/games.tactic.net\/tuote\/colorumba-coloring-book\/"},"modified":"2023-10-06T16:19:35","modified_gmt":"2023-10-06T13:19:35","slug":"colorumba-coloring-book","status":"publish","type":"product","link":"https:\/\/games.tactic.net\/sv\/tuote\/colorumba-coloring-book\/","title":{"rendered":"Tactic Colorumba Coloring Book"},"content":{"rendered":"<p>Den h\u00e4r ritboken kommer med stora bilder med tjocka streck som \u00e4r enkla att f\u00e4rgl\u00e4gga \u00e4ven f\u00f6r mindre h\u00e4nder. Perfekt f\u00f6r yngre barn som beh\u00f6ver lite st\u00f6rre bilder, men kan \u00e4ven anv\u00e4ndas av andra som sj\u00e4lva vill l\u00e4gga till fler detaljer.<\/p>\n","protected":false},"excerpt":{"rendered":"<p>Den h\u00e4r ritboken kommer med stora bilder med tjocka streck som \u00e4r enkla att f\u00e4rgl\u00e4gga \u00e4ven f\u00f6r mindre h\u00e4nder. Perfekt f\u00f6r yngre barn som beh\u00f6ver lite st\u00f6rre bilder, men kan \u00e4ven anv\u00e4ndas av andra som sj\u00e4lva vill l\u00e4gga till fler detaljer.<\/p>\n","protected":false},"featured_media":0,"template":"","meta":{"content-type":"","_monsterinsights_skip_tracking":false,"_monsterinsights_sitenote_active":false,"_monsterinsights_sitenote_note":"","_monsterinsights_sitenote_category":0},"product_brand":[],"product_cat":[1529],"product_tag":[],"brand":[],"target-group":[],"discontinued":[],"class_list":{"0":"post-581660","1":"product","2":"type-product","3":"status-publish","5":"product_cat-malarbocker-malar-och-pysselbocker","7":"first","8":"outofstock","9":"taxable","10":"shipping-taxable","11":"product-type-simple"},"aioseo_notices":[],"_links":{"self":[{"href":"https:\/\/games.tactic.net\/sv\/wp-json\/wp\/v2\/product\/581660","targetHints":{"allow":["GET"]}}],"collection":[{"href":"https:\/\/games.tactic.net\/sv\/wp-json\/wp\/v2\/product"}],"about":[{"href":"https:\/\/games.tactic.net\/sv\/wp-json\/wp\/v2\/types\/product"}],"wp:attachment":[{"href":"https:\/\/games.tactic.net\/sv\/wp-json\/wp\/v2\/media?parent=581660"}],"wp:term":[{"taxonomy":"product_brand","embeddable":true,"href":"https:\/\/games.tactic.net\/sv\/wp-json\/wp\/v2\/product_brand?post=581660"},{"taxonomy":"product_cat","embeddable":true,"href":"https:\/\/games.tactic.net\/sv\/wp-json\/wp\/v2\/product_cat?post=581660"},{"taxonomy":"product_tag","embeddable":true,"href":"https:\/\/games.tactic.net\/sv\/wp-json\/wp\/v2\/product_tag?post=581660"},{"taxonomy":"brand","embeddable":true,"href":"https:\/\/games.tactic.net\/sv\/wp-json\/wp\/v2\/brand?post=581660"},{"taxonomy":"target-group","embeddable":true,"href":"https:\/\/games.tactic.net\/sv\/wp-json\/wp\/v2\/target-group?post=581660"},{"taxonomy":"discontinued","embeddable":true,"href":"https:\/\/games.tactic.net\/sv\/wp-json\/wp\/v2\/discontinued?post=581660"}],"curies":[{"name":"wp","href":"https:\/\/api.w.org\/{rel}","templated":true}]}}