{"id":581573,"date":"2022-05-20T12:29:37","date_gmt":"2022-05-20T09:29:37","guid":{"rendered":"http:\/\/games.tactic.net\/tuote\/enhorningsvanner-pysselbok\/"},"modified":"2023-10-23T10:35:30","modified_gmt":"2023-10-23T07:35:30","slug":"enhorningsvanner-pysselbok","status":"publish","type":"product","link":"https:\/\/games.tactic.net\/sv\/tuote\/enhorningsvanner-pysselbok\/","title":{"rendered":"Tactic Enh\u00f6rningsv\u00e4nner pysselbok"},"content":{"rendered":"<p>L\u00e5t din fantasi fl\u00f6da och bes\u00f6k den f\u00f6rtrollade sagov\u00e4rlden med vackra enh\u00f6rningar. Bli v\u00e4n med dessa magiska varelser, flyg som vinden med dem och g\u00f6r dig hemmastadd i deras rike. F\u00e5 dem att lysa och glittra av gl\u00e4dje och lycka med fina f\u00e4rger.<\/p>\n","protected":false},"excerpt":{"rendered":"<p>L\u00e5t din fantasi fl\u00f6da och bes\u00f6k den f\u00f6rtrollade sagov\u00e4rlden med vackra enh\u00f6rningar. Bli v\u00e4n med dessa magiska varelser, flyg som vinden med dem och g\u00f6r dig hemmastadd i deras rike. F\u00e5 dem att lysa och glittra av gl\u00e4dje och lycka med fina f\u00e4rger.<\/p>\n","protected":false},"featured_media":0,"template":"","meta":{"content-type":"","_monsterinsights_skip_tracking":false,"_monsterinsights_sitenote_active":false,"_monsterinsights_sitenote_note":"","_monsterinsights_sitenote_category":0},"product_brand":[],"product_cat":[1530],"product_tag":[],"brand":[],"target-group":[],"discontinued":[],"class_list":{"0":"post-581573","1":"product","2":"type-product","3":"status-publish","5":"product_cat-aktivitetsbocker","7":"first","8":"instock","9":"taxable","10":"shipping-taxable","11":"product-type-simple"},"aioseo_notices":[],"_links":{"self":[{"href":"https:\/\/games.tactic.net\/sv\/wp-json\/wp\/v2\/product\/581573","targetHints":{"allow":["GET"]}}],"collection":[{"href":"https:\/\/games.tactic.net\/sv\/wp-json\/wp\/v2\/product"}],"about":[{"href":"https:\/\/games.tactic.net\/sv\/wp-json\/wp\/v2\/types\/product"}],"wp:attachment":[{"href":"https:\/\/games.tactic.net\/sv\/wp-json\/wp\/v2\/media?parent=581573"}],"wp:term":[{"taxonomy":"product_brand","embeddable":true,"href":"https:\/\/games.tactic.net\/sv\/wp-json\/wp\/v2\/product_brand?post=581573"},{"taxonomy":"product_cat","embeddable":true,"href":"https:\/\/games.tactic.net\/sv\/wp-json\/wp\/v2\/product_cat?post=581573"},{"taxonomy":"product_tag","embeddable":true,"href":"https:\/\/games.tactic.net\/sv\/wp-json\/wp\/v2\/product_tag?post=581573"},{"taxonomy":"brand","embeddable":true,"href":"https:\/\/games.tactic.net\/sv\/wp-json\/wp\/v2\/brand?post=581573"},{"taxonomy":"target-group","embeddable":true,"href":"https:\/\/games.tactic.net\/sv\/wp-json\/wp\/v2\/target-group?post=581573"},{"taxonomy":"discontinued","embeddable":true,"href":"https:\/\/games.tactic.net\/sv\/wp-json\/wp\/v2\/discontinued?post=581573"}],"curies":[{"name":"wp","href":"https:\/\/api.w.org\/{rel}","templated":true}]}}