{"id":57097,"date":"2021-01-29T14:59:22","date_gmt":"2021-01-29T12:59:22","guid":{"rendered":"https:\/\/dev.tactic.net\/tuote\/kubb-i-tralada\/"},"modified":"2024-10-11T15:08:29","modified_gmt":"2024-10-11T12:08:29","slug":"kubb-i-tralada","status":"archive","type":"product","link":"https:\/\/games.tactic.net\/sv\/tuote\/kubb-i-tralada\/","title":{"rendered":"Tactic Kubb"},"content":{"rendered":"<p>DET KLASSISKA SVENSKA UTOMHUSSPELET I TR\u00c4 I LYXIG F\u00d6RPACKNING! Kubb \u00e4r ett popul\u00e4rt utomhusspel d\u00e4r du ska tr\u00e4ffa tr\u00e4kubbar genom att kasta pinnar p\u00e5 dem. Sl\u00e5 ner kubbarna och kungen \u2013 men var f\u00f6rsiktig, f\u00e4ll inte kungen f\u00f6rr\u00e4n alla kubbarna ligger ner f\u00f6r d\u00e5 vinner motst\u00e5ndarlaget! Kubb \u00e4r en kombination av bowling, h\u00e4stskospel och schack och kan spelas av gammal som ung, i lag eller individuellt \u2013 hur som helst s\u00e5 garanteras mycket n\u00f6je! Ladda ner Kubb Game Tracker appen s\u00e5 blir det l\u00e4ttare att r\u00e4kna po\u00e4ng:<\/p>\n","protected":false},"excerpt":{"rendered":"<p>DET KLASSISKA SVENSKA UTOMHUSSPELET I TR\u00c4 I LYXIG F\u00d6RPACKNING! Kubb \u00e4r ett popul\u00e4rt utomhusspel d\u00e4r du ska tr\u00e4ffa tr\u00e4kubbar genom att kasta pinnar p\u00e5 dem. Sl\u00e5 ner kubbarna och kungen \u2013 men var f\u00f6rsiktig, f\u00e4ll inte kungen f\u00f6rr\u00e4n alla kubbarna ligger ner f\u00f6r d\u00e5 vinner motst\u00e5ndarlaget!<\/p>\n","protected":false},"featured_media":0,"template":"","meta":{"content-type":"","_monsterinsights_skip_tracking":false,"_monsterinsights_sitenote_active":false,"_monsterinsights_sitenote_note":"","_monsterinsights_sitenote_category":0},"product_brand":[],"product_cat":[1536],"product_tag":[1249],"brand":[],"target-group":[],"discontinued":[],"class_list":{"0":"post-57097","1":"product","2":"type-product","3":"status-archive","5":"product_cat-andra-utomhusspel","6":"product_tag-skicklighet-sv","8":"first","9":"outofstock","10":"taxable","11":"shipping-taxable","12":"product-type-simple"},"aioseo_notices":[],"_links":{"self":[{"href":"https:\/\/games.tactic.net\/sv\/wp-json\/wp\/v2\/product\/57097","targetHints":{"allow":["GET"]}}],"collection":[{"href":"https:\/\/games.tactic.net\/sv\/wp-json\/wp\/v2\/product"}],"about":[{"href":"https:\/\/games.tactic.net\/sv\/wp-json\/wp\/v2\/types\/product"}],"wp:attachment":[{"href":"https:\/\/games.tactic.net\/sv\/wp-json\/wp\/v2\/media?parent=57097"}],"wp:term":[{"taxonomy":"product_brand","embeddable":true,"href":"https:\/\/games.tactic.net\/sv\/wp-json\/wp\/v2\/product_brand?post=57097"},{"taxonomy":"product_cat","embeddable":true,"href":"https:\/\/games.tactic.net\/sv\/wp-json\/wp\/v2\/product_cat?post=57097"},{"taxonomy":"product_tag","embeddable":true,"href":"https:\/\/games.tactic.net\/sv\/wp-json\/wp\/v2\/product_tag?post=57097"},{"taxonomy":"brand","embeddable":true,"href":"https:\/\/games.tactic.net\/sv\/wp-json\/wp\/v2\/brand?post=57097"},{"taxonomy":"target-group","embeddable":true,"href":"https:\/\/games.tactic.net\/sv\/wp-json\/wp\/v2\/target-group?post=57097"},{"taxonomy":"discontinued","embeddable":true,"href":"https:\/\/games.tactic.net\/sv\/wp-json\/wp\/v2\/discontinued?post=57097"}],"curies":[{"name":"wp","href":"https:\/\/api.w.org\/{rel}","templated":true}]}}