{"id":570323,"date":"2022-05-17T15:09:07","date_gmt":"2022-05-17T12:09:07","guid":{"rendered":"http:\/\/games.tactic.net\/tuote\/larsen-dinosaurs-that-fly-run-and-dive\/"},"modified":"2023-10-19T15:27:27","modified_gmt":"2023-10-19T12:27:27","slug":"larsen-dinosaurs-that-fly-run-and-dive","status":"publish","type":"product","link":"https:\/\/games.tactic.net\/sv\/tuote\/larsen-dinosaurs-that-fly-run-and-dive\/","title":{"rendered":"Larsen Maxi Dinosaurs that fly, run and dive 70 pcs pussel"},"content":{"rendered":"<p>Larsen Maxi Dinosaurier som flyger, springer och dyker 70 bitar pussel 28,5 x 36,5 cm. Det fanns m\u00e5nga grunda hav och ett varmt klimat n\u00e4r dinosaurierna h\u00e4rskade \u00f6ver jorden. H\u00e4r flyger en rosa pteranodon h\u00f6gt \u00f6ver en farlig giganotosaurus. Giganotosaurus var till och med st\u00f6rre \u00e4n tyrannosaurus rex, som p\u00e5 bilden st\u00e5r med b\u00e5da benen i vattnet. En baryonyx har f\u00e5ngat en fisk som den h\u00e5ller i sin l\u00e5nga nos, formad som en krokodils nos och perfekt f\u00f6r att f\u00e5nga fisk. Dakosaurus, som simmar i nedre v\u00e4nstra h\u00f6rnet, var en avl\u00e4gsen sl\u00e4kting till dagens krokodiler. Den bl\u00e5 och gula fisken l\u00e4ngst ned i bilden \u00e4r en dunkleosteus, kanske mer \u00e4n 8 meter l\u00e5ng. M\u00e5nga av de 70 bitarna \u00e4r formade som dinosaurier, och pusslet passar lite \u00e4ldre barn.<\/p>\n<p>Larsen Maxi \u00e4r en h\u00f6gkvalitativ pusselserie f\u00f6r barn som kombinerar l\u00e4rande och lek. F\u00e4rgstarka illustrationer och stadiga rambitar g\u00f6r pusslen enkla och roliga att l\u00e4gga. Larsen Maxi-pussel \u00e4r idealiska f\u00f6r yngre barn och hj\u00e4lper till att utveckla finmotorik och koncentration.<\/p>\n<p>Larsen tillverkar h\u00f6gkvalitativa pedagogiska pussel som \u00e4r utformade f\u00f6r att st\u00f6dja l\u00e4rande genom lek. Detta norska familjef\u00f6retag har varit verksamt sedan 1953, och alla pussel tillverkas i Norge. Sortimentet omfattar m\u00e5nga olika teman som djur, kartor, fordon, rymden och natur. Tydliga illustrationer och h\u00e5llbara bitar g\u00f6r Larsen-pussel till ett utm\u00e4rkt val f\u00f6r barn.<\/p>\n","protected":false},"excerpt":{"rendered":"<p>Larsen Maxi 70 bitars pussel 36,5 x 28,5 cm visar flygande och marina dinosaurier. Pedagogiskt pussel som st\u00f6djer l\u00e4rande och fantasi.<\/p>\n","protected":false},"featured_media":0,"template":"","meta":{"content-type":"","_monsterinsights_skip_tracking":false,"_monsterinsights_sitenote_active":false,"_monsterinsights_sitenote_note":"","_monsterinsights_sitenote_category":0},"product_brand":[],"product_cat":[1520],"product_tag":[1235,932,845],"brand":[],"target-group":[],"discontinued":[],"class_list":{"0":"post-570323","1":"product","2":"type-product","3":"status-publish","5":"product_cat-barn-pussel","6":"product_tag-kombinera-sv","7":"product_tag-tidsfordriv","8":"product_tag-tillsammans","10":"first","11":"instock","12":"taxable","13":"shipping-taxable","14":"product-type-simple"},"aioseo_notices":[],"_links":{"self":[{"href":"https:\/\/games.tactic.net\/sv\/wp-json\/wp\/v2\/product\/570323","targetHints":{"allow":["GET"]}}],"collection":[{"href":"https:\/\/games.tactic.net\/sv\/wp-json\/wp\/v2\/product"}],"about":[{"href":"https:\/\/games.tactic.net\/sv\/wp-json\/wp\/v2\/types\/product"}],"wp:attachment":[{"href":"https:\/\/games.tactic.net\/sv\/wp-json\/wp\/v2\/media?parent=570323"}],"wp:term":[{"taxonomy":"product_brand","embeddable":true,"href":"https:\/\/games.tactic.net\/sv\/wp-json\/wp\/v2\/product_brand?post=570323"},{"taxonomy":"product_cat","embeddable":true,"href":"https:\/\/games.tactic.net\/sv\/wp-json\/wp\/v2\/product_cat?post=570323"},{"taxonomy":"product_tag","embeddable":true,"href":"https:\/\/games.tactic.net\/sv\/wp-json\/wp\/v2\/product_tag?post=570323"},{"taxonomy":"brand","embeddable":true,"href":"https:\/\/games.tactic.net\/sv\/wp-json\/wp\/v2\/brand?post=570323"},{"taxonomy":"target-group","embeddable":true,"href":"https:\/\/games.tactic.net\/sv\/wp-json\/wp\/v2\/target-group?post=570323"},{"taxonomy":"discontinued","embeddable":true,"href":"https:\/\/games.tactic.net\/sv\/wp-json\/wp\/v2\/discontinued?post=570323"}],"curies":[{"name":"wp","href":"https:\/\/api.w.org\/{rel}","templated":true}]}}