{"id":56974,"date":"2021-01-29T12:20:58","date_gmt":"2021-01-29T10:20:58","guid":{"rendered":"https:\/\/dev.tactic.net\/tuote\/land-of-clans\/"},"modified":"2024-12-04T10:40:32","modified_gmt":"2024-12-04T08:40:32","slug":"land-of-clans","status":"archive","type":"product","link":"https:\/\/games.tactic.net\/sv\/tuote\/land-of-clans\/","title":{"rendered":"Gamestorm Land of Clans"},"content":{"rendered":"<p>Kliv i en klanchefs skor och er\u00f6vra det skotska h\u00f6glandet. Bygg ditt eget slott genom att beslagta f\u00e4lten p\u00e5 spelplanen. Du kan ocks\u00e5 attackera dina motspelares slott om du tror att du har tillr\u00e4ckligt med makt att sl\u00e5 ner deras f\u00f6rsvar. Den spelare som f\u00f6rst \u00e4ger fyra slott vinner.<\/p>\n","protected":false},"excerpt":{"rendered":"<p>Kliv i en klanchefs skor och er\u00f6vra det skotska h\u00f6glandet. Bygg ditt eget slott genom att beslagta f\u00e4lten p\u00e5 spelplanen. Du kan ocks\u00e5 attackera dina motspelares slott om du tror att du har tillr\u00e4ckligt med makt att sl\u00e5 ner deras f\u00f6rsvar. Den spelare som f\u00f6rst \u00e4ger fyra slott vinner.<\/p>\n","protected":false},"featured_media":0,"template":"","meta":{"content-type":"","_monsterinsights_skip_tracking":false,"_monsterinsights_sitenote_active":false,"_monsterinsights_sitenote_note":"","_monsterinsights_sitenote_category":0},"product_brand":[],"product_cat":[772,1522],"product_tag":[1238,1265],"brand":[{"id":881,"name":"Gamestorm Studio","slug":"gamestormstudio"}],"target-group":[],"discontinued":[],"class_list":{"0":"post-56974","1":"product","2":"type-product","3":"status-archive","5":"product_cat-strategispel","6":"product_cat-strategispel-vuxenspel","7":"product_tag-strategi-sv","8":"product_tag-taktik-sv","9":"brand-gamestormstudio","11":"first","12":"outofstock","13":"taxable","14":"shipping-taxable","15":"product-type-simple"},"aioseo_notices":[],"_links":{"self":[{"href":"https:\/\/games.tactic.net\/sv\/wp-json\/wp\/v2\/product\/56974","targetHints":{"allow":["GET"]}}],"collection":[{"href":"https:\/\/games.tactic.net\/sv\/wp-json\/wp\/v2\/product"}],"about":[{"href":"https:\/\/games.tactic.net\/sv\/wp-json\/wp\/v2\/types\/product"}],"wp:attachment":[{"href":"https:\/\/games.tactic.net\/sv\/wp-json\/wp\/v2\/media?parent=56974"}],"wp:term":[{"taxonomy":"product_brand","embeddable":true,"href":"https:\/\/games.tactic.net\/sv\/wp-json\/wp\/v2\/product_brand?post=56974"},{"taxonomy":"product_cat","embeddable":true,"href":"https:\/\/games.tactic.net\/sv\/wp-json\/wp\/v2\/product_cat?post=56974"},{"taxonomy":"product_tag","embeddable":true,"href":"https:\/\/games.tactic.net\/sv\/wp-json\/wp\/v2\/product_tag?post=56974"},{"taxonomy":"brand","embeddable":true,"href":"https:\/\/games.tactic.net\/sv\/wp-json\/wp\/v2\/brand?post=56974"},{"taxonomy":"target-group","embeddable":true,"href":"https:\/\/games.tactic.net\/sv\/wp-json\/wp\/v2\/target-group?post=56974"},{"taxonomy":"discontinued","embeddable":true,"href":"https:\/\/games.tactic.net\/sv\/wp-json\/wp\/v2\/discontinued?post=56974"}],"curies":[{"name":"wp","href":"https:\/\/api.w.org\/{rel}","templated":true}]}}