{"id":567721,"date":"2022-05-10T16:02:08","date_gmt":"2022-05-10T13:02:08","guid":{"rendered":"http:\/\/games.tactic.net\/tuote\/larsen-rescue-vehicles-on-the-highway-maxi\/"},"modified":"2023-10-19T16:25:59","modified_gmt":"2023-10-19T13:25:59","slug":"larsen-rescue-vehicles-on-the-highway-maxi","status":"publish","type":"product","link":"https:\/\/games.tactic.net\/sv\/tuote\/larsen-rescue-vehicles-on-the-highway-maxi\/","title":{"rendered":"Larsen Maxi Rescue vehicles on highway 26 pcs pussel"},"content":{"rendered":"<p>Larsen Maxi R\u00e4ddningsfordon p\u00e5 motorv\u00e4g 26 bitar pussel 36,5 x 28,5 cm. En incident har intr\u00e4ffat p\u00e5 motorv\u00e4gen och m\u00e5nga \u00e4r redo att hj\u00e4lpa till. Polis, brandm\u00e4n och en l\u00e4kare har kommit till platsen f\u00f6r att hj\u00e4lpa familjen i den r\u00f6da bilen. Som tur \u00e4r blev ingen skadad och b\u00e4rgningsbilen lyfter upp bilen p\u00e5 flaket. En polis dirigerar trafiken f\u00f6rbi utryckningsfordonen. H\u00e4r finns f\u00e4rgglada bilar, en traktor och en gr\u00f6n \u00e4ng d\u00e4r kor nyfiket tittar p\u00e5 vad som h\u00e4nder. Pusslet med 26 stora bitar \u00e4r perfekt f\u00f6r yngre barn som gillar bilar. N\u00e5gra av bitarna \u00e4r formade som bilar, en kranbil, en lada, en traktor och en polis som dirigerar trafiken.<\/p>\n<p>Larsen Maxi \u00e4r en h\u00f6gkvalitativ pusselserie f\u00f6r barn som kombinerar l\u00e4rande och lek. F\u00e4rgstarka illustrationer och stadiga rambitar g\u00f6r pusslen enkla och roliga att l\u00e4gga. Larsen Maxi-pussel \u00e4r idealiska f\u00f6r yngre barn och hj\u00e4lper till att utveckla finmotorik och koncentration.<\/p>\n<p>Larsen tillverkar h\u00f6gkvalitativa pedagogiska pussel som \u00e4r utformade f\u00f6r att st\u00f6dja l\u00e4rande genom lek. Detta norska familjef\u00f6retag har varit verksamt sedan 1953, och alla pussel tillverkas i Norge. Sortimentet omfattar m\u00e5nga olika teman som djur, kartor, fordon, rymden och natur. Tydliga illustrationer och h\u00e5llbara bitar g\u00f6r Larsen-pussel till ett utm\u00e4rkt val f\u00f6r barn.<\/p>\n","protected":false},"excerpt":{"rendered":"<p>Larsen Maxi R\u00e4ddningsfordon 26 bitars pussel 36,5 x 28,5 cm visar utryckningsfordon i action. Barnpussel med fordon som st\u00f6djer igenk\u00e4nning och visuell utveckling.<\/p>\n","protected":false},"featured_media":0,"template":"","meta":{"content-type":"","_monsterinsights_skip_tracking":false,"_monsterinsights_sitenote_active":false,"_monsterinsights_sitenote_note":"","_monsterinsights_sitenote_category":0},"product_brand":[],"product_cat":[1520],"product_tag":[347,932,845],"brand":[],"target-group":[],"discontinued":[],"class_list":{"0":"post-567721","1":"product","2":"type-product","3":"status-publish","5":"product_cat-barn-pussel","6":"product_tag-kombinera","7":"product_tag-tidsfordriv","8":"product_tag-tillsammans","10":"first","11":"instock","12":"taxable","13":"shipping-taxable","14":"product-type-simple"},"aioseo_notices":[],"_links":{"self":[{"href":"https:\/\/games.tactic.net\/sv\/wp-json\/wp\/v2\/product\/567721","targetHints":{"allow":["GET"]}}],"collection":[{"href":"https:\/\/games.tactic.net\/sv\/wp-json\/wp\/v2\/product"}],"about":[{"href":"https:\/\/games.tactic.net\/sv\/wp-json\/wp\/v2\/types\/product"}],"wp:attachment":[{"href":"https:\/\/games.tactic.net\/sv\/wp-json\/wp\/v2\/media?parent=567721"}],"wp:term":[{"taxonomy":"product_brand","embeddable":true,"href":"https:\/\/games.tactic.net\/sv\/wp-json\/wp\/v2\/product_brand?post=567721"},{"taxonomy":"product_cat","embeddable":true,"href":"https:\/\/games.tactic.net\/sv\/wp-json\/wp\/v2\/product_cat?post=567721"},{"taxonomy":"product_tag","embeddable":true,"href":"https:\/\/games.tactic.net\/sv\/wp-json\/wp\/v2\/product_tag?post=567721"},{"taxonomy":"brand","embeddable":true,"href":"https:\/\/games.tactic.net\/sv\/wp-json\/wp\/v2\/brand?post=567721"},{"taxonomy":"target-group","embeddable":true,"href":"https:\/\/games.tactic.net\/sv\/wp-json\/wp\/v2\/target-group?post=567721"},{"taxonomy":"discontinued","embeddable":true,"href":"https:\/\/games.tactic.net\/sv\/wp-json\/wp\/v2\/discontinued?post=567721"}],"curies":[{"name":"wp","href":"https:\/\/api.w.org\/{rel}","templated":true}]}}