{"id":56666,"date":"2021-01-29T12:00:42","date_gmt":"2021-01-29T10:00:42","guid":{"rendered":"https:\/\/dev.tactic.net\/tuote\/ska-vi-sla-vad\/"},"modified":"2023-10-25T15:57:27","modified_gmt":"2023-10-25T12:57:27","slug":"ska-vi-sla-vad","status":"publish","type":"product","link":"https:\/\/games.tactic.net\/sv\/tuote\/ska-vi-sla-vad\/","title":{"rendered":"Tactic Ska vi sl\u00e5 vad? br\u00e4dspel"},"content":{"rendered":"<p>SKA VI SL\u00c5 VAD ATT DIN FAMILJ KLARAR DET H\u00c4R? I detta heltokiga familjespel utmanas spelaren i tur i olika uppgifter medan \u00f6vriga spelare sl\u00e5r vad om huruvida han kommer att lyckas eller inte. Hade du r\u00e4tt? Du vinner vad du satsade! Hade du fel? Du f\u00f6rlorar vad du satsade! Spelaren som g\u00f6r uppgiften bel\u00f6nas om han klarar den! Ska vi sl\u00e5 vad? \u00e4r ett h\u00e4rligt partyspel som kan spelas om och om igen! Alla \u00e4r delaktiga samtidigt och de galna uppt\u00e5gen genom spelet roar b\u00e5de vuxna och barn!<\/p>\n<p><img decoding=\"async\" src=\"https:\\\\\\\\games.tactic.net\\\\pic\\\\logo\\\\Awarded_concept.png\"><\/p>\n","protected":false},"excerpt":{"rendered":"<p>SKA VI SL\u00c5 VAD ATT DIN FAMILJ KLARAR DET H\u00c4R? I detta heltokiga familjespel utmanas spelaren i tur i olika uppgifter medan \u00f6vriga spelare sl\u00e5r vad om huruvida han kommer att lyckas eller inte. Hade du r\u00e4tt? Du vinner vad du satsade! Hade du fel? Du f\u00f6rlorar vad du satsade! Spelaren som g\u00f6r uppgiften bel\u00f6nas om han klarar den! Ska vi sl\u00e5 vad?<\/p>\n","protected":false},"featured_media":0,"template":"","meta":{"content-type":"","_monsterinsights_skip_tracking":false,"_monsterinsights_sitenote_active":false,"_monsterinsights_sitenote_note":"","_monsterinsights_sitenote_category":0},"product_brand":[],"product_cat":[1541,1540],"product_tag":[1249],"brand":[],"target-group":[],"discontinued":[],"class_list":{"0":"post-56666","1":"product","2":"type-product","3":"status-publish","5":"product_cat-party-spel-vuxenspel","6":"product_cat-partyspel","7":"product_tag-skicklighet-sv","9":"first","10":"instock","11":"taxable","12":"shipping-taxable","13":"product-type-simple"},"aioseo_notices":[],"_links":{"self":[{"href":"https:\/\/games.tactic.net\/sv\/wp-json\/wp\/v2\/product\/56666","targetHints":{"allow":["GET"]}}],"collection":[{"href":"https:\/\/games.tactic.net\/sv\/wp-json\/wp\/v2\/product"}],"about":[{"href":"https:\/\/games.tactic.net\/sv\/wp-json\/wp\/v2\/types\/product"}],"wp:attachment":[{"href":"https:\/\/games.tactic.net\/sv\/wp-json\/wp\/v2\/media?parent=56666"}],"wp:term":[{"taxonomy":"product_brand","embeddable":true,"href":"https:\/\/games.tactic.net\/sv\/wp-json\/wp\/v2\/product_brand?post=56666"},{"taxonomy":"product_cat","embeddable":true,"href":"https:\/\/games.tactic.net\/sv\/wp-json\/wp\/v2\/product_cat?post=56666"},{"taxonomy":"product_tag","embeddable":true,"href":"https:\/\/games.tactic.net\/sv\/wp-json\/wp\/v2\/product_tag?post=56666"},{"taxonomy":"brand","embeddable":true,"href":"https:\/\/games.tactic.net\/sv\/wp-json\/wp\/v2\/brand?post=56666"},{"taxonomy":"target-group","embeddable":true,"href":"https:\/\/games.tactic.net\/sv\/wp-json\/wp\/v2\/target-group?post=56666"},{"taxonomy":"discontinued","embeddable":true,"href":"https:\/\/games.tactic.net\/sv\/wp-json\/wp\/v2\/discontinued?post=56666"}],"curies":[{"name":"wp","href":"https:\/\/api.w.org\/{rel}","templated":true}]}}