{"id":566164,"date":"2022-05-10T08:06:22","date_gmt":"2022-05-10T05:06:22","guid":{"rendered":"http:\/\/games.tactic.net\/tuote\/metro-domino-london\/"},"modified":"2025-07-15T14:42:09","modified_gmt":"2025-07-15T11:42:09","slug":"metro-domino-london","status":"archive","type":"product","link":"https:\/\/games.tactic.net\/sv\/tuote\/metro-domino-london\/","title":{"rendered":"Tactic Metro Domino London br\u00e4dspel"},"content":{"rendered":"<p>En klassiker med nya drag! Domino har spelats allt sedan den kinesiska Song-dynastins tider, men denna klassiker \u00e4lskas \u00e4n idag! I Metro Domino spelar man med nya tag, d\u00e5 spelet inneh\u00e5ller Londons mest ikoniska stationer, som tillf\u00f6r spelet nya h\u00e4ndelser och sp\u00e4nning.<\/p>\n","protected":false},"excerpt":{"rendered":"<p>En klassiker med nya drag! Domino har spelats allt sedan den kinesiska Song-dynastins tider, men denna klassiker \u00e4lskas \u00e4n idag! I Metro Domino spelar man med nya tag, d\u00e5 spelet inneh\u00e5ller Londons mest ikoniska stationer, som tillf\u00f6r spelet nya h\u00e4ndelser och sp\u00e4nning.<\/p>\n","protected":false},"featured_media":0,"template":"","meta":{"content-type":"","_monsterinsights_skip_tracking":false,"_monsterinsights_sitenote_active":false,"_monsterinsights_sitenote_note":"","_monsterinsights_sitenote_category":0},"product_brand":[],"product_cat":[1525,1577],"product_tag":[1235,1238,857],"brand":[],"target-group":[],"discontinued":[],"class_list":{"0":"post-566164","1":"product","2":"type-product","3":"status-archive","5":"product_cat-klassiker","6":"product_cat-klassiska-spel-vuxenspel","7":"product_tag-kombinera-sv","8":"product_tag-strategi-sv","9":"product_tag-tur","11":"first","12":"outofstock","13":"taxable","14":"shipping-taxable","15":"product-type-simple"},"aioseo_notices":[],"_links":{"self":[{"href":"https:\/\/games.tactic.net\/sv\/wp-json\/wp\/v2\/product\/566164","targetHints":{"allow":["GET"]}}],"collection":[{"href":"https:\/\/games.tactic.net\/sv\/wp-json\/wp\/v2\/product"}],"about":[{"href":"https:\/\/games.tactic.net\/sv\/wp-json\/wp\/v2\/types\/product"}],"wp:attachment":[{"href":"https:\/\/games.tactic.net\/sv\/wp-json\/wp\/v2\/media?parent=566164"}],"wp:term":[{"taxonomy":"product_brand","embeddable":true,"href":"https:\/\/games.tactic.net\/sv\/wp-json\/wp\/v2\/product_brand?post=566164"},{"taxonomy":"product_cat","embeddable":true,"href":"https:\/\/games.tactic.net\/sv\/wp-json\/wp\/v2\/product_cat?post=566164"},{"taxonomy":"product_tag","embeddable":true,"href":"https:\/\/games.tactic.net\/sv\/wp-json\/wp\/v2\/product_tag?post=566164"},{"taxonomy":"brand","embeddable":true,"href":"https:\/\/games.tactic.net\/sv\/wp-json\/wp\/v2\/brand?post=566164"},{"taxonomy":"target-group","embeddable":true,"href":"https:\/\/games.tactic.net\/sv\/wp-json\/wp\/v2\/target-group?post=566164"},{"taxonomy":"discontinued","embeddable":true,"href":"https:\/\/games.tactic.net\/sv\/wp-json\/wp\/v2\/discontinued?post=566164"}],"curies":[{"name":"wp","href":"https:\/\/api.w.org\/{rel}","templated":true}]}}