{"id":566077,"date":"2022-05-10T08:04:47","date_gmt":"2022-05-10T05:04:47","guid":{"rendered":"http:\/\/games.tactic.net\/tuote\/metro-domino-new-york\/"},"modified":"2025-07-15T14:42:59","modified_gmt":"2025-07-15T11:42:59","slug":"metro-domino-new-york","status":"archive","type":"product","link":"https:\/\/games.tactic.net\/sv\/tuote\/metro-domino-new-york\/","title":{"rendered":"Tactic Metro Domino New York br\u00e4dspel"},"content":{"rendered":"<p>En klassiker med nya drag! Domino har spelats allt sedan den kinesiska Song-dynastins tider, men denna klassiker \u00e4lskas \u00e4n idag! I Metro Domino spelar man med nya tag, d\u00e5 spelet inneh\u00e5ller New Yorks mest ikoniska stationer, som tillf\u00f6r spelet nya h\u00e4ndelser och sp\u00e4nning.<\/p>\n","protected":false},"excerpt":{"rendered":"<p>En klassiker med nya drag! Domino har spelats allt sedan den kinesiska Song-dynastins tider, men denna klassiker \u00e4lskas \u00e4n idag! I Metro Domino spelar man med nya tag, d\u00e5 spelet inneh\u00e5ller New Yorks mest ikoniska stationer, som tillf\u00f6r spelet nya h\u00e4ndelser och sp\u00e4nning.<\/p>\n","protected":false},"featured_media":0,"template":"","meta":{"content-type":"","_monsterinsights_skip_tracking":false,"_monsterinsights_sitenote_active":false,"_monsterinsights_sitenote_note":"","_monsterinsights_sitenote_category":0},"product_brand":[],"product_cat":[1525,1577],"product_tag":[],"brand":[],"target-group":[],"discontinued":[],"class_list":{"0":"post-566077","1":"product","2":"type-product","3":"status-archive","5":"product_cat-klassiker","6":"product_cat-klassiska-spel-vuxenspel","8":"first","9":"outofstock","10":"taxable","11":"shipping-taxable","12":"product-type-simple"},"aioseo_notices":[],"_links":{"self":[{"href":"https:\/\/games.tactic.net\/sv\/wp-json\/wp\/v2\/product\/566077","targetHints":{"allow":["GET"]}}],"collection":[{"href":"https:\/\/games.tactic.net\/sv\/wp-json\/wp\/v2\/product"}],"about":[{"href":"https:\/\/games.tactic.net\/sv\/wp-json\/wp\/v2\/types\/product"}],"wp:attachment":[{"href":"https:\/\/games.tactic.net\/sv\/wp-json\/wp\/v2\/media?parent=566077"}],"wp:term":[{"taxonomy":"product_brand","embeddable":true,"href":"https:\/\/games.tactic.net\/sv\/wp-json\/wp\/v2\/product_brand?post=566077"},{"taxonomy":"product_cat","embeddable":true,"href":"https:\/\/games.tactic.net\/sv\/wp-json\/wp\/v2\/product_cat?post=566077"},{"taxonomy":"product_tag","embeddable":true,"href":"https:\/\/games.tactic.net\/sv\/wp-json\/wp\/v2\/product_tag?post=566077"},{"taxonomy":"brand","embeddable":true,"href":"https:\/\/games.tactic.net\/sv\/wp-json\/wp\/v2\/brand?post=566077"},{"taxonomy":"target-group","embeddable":true,"href":"https:\/\/games.tactic.net\/sv\/wp-json\/wp\/v2\/target-group?post=566077"},{"taxonomy":"discontinued","embeddable":true,"href":"https:\/\/games.tactic.net\/sv\/wp-json\/wp\/v2\/discontinued?post=566077"}],"curies":[{"name":"wp","href":"https:\/\/api.w.org\/{rel}","templated":true}]}}