{"id":56606,"date":"2021-01-29T11:51:40","date_gmt":"2021-01-29T09:51:40","guid":{"rendered":"https:\/\/dev.tactic.net\/tuote\/mud-party\/"},"modified":"2022-09-05T09:36:47","modified_gmt":"2022-09-05T06:36:47","slug":"mud-party","status":"archive","type":"product","link":"https:\/\/games.tactic.net\/sv\/tuote\/mud-party\/","title":{"rendered":"Mud Party"},"content":{"rendered":"<div>Flytta din spelpj\u00e4s ett steg f\u00f6r varje djur du lyckades skv\u00e4tta ner,<\/div>\n<div>men se upp s\u00e5 att du inte ist\u00e4llet hj\u00e4lper dina motspelare!<\/div>\n<div><\/div>\n<div>\u2022 Lertunna, roliga brickor och en skojig gris i gummi.<\/div>\n<div>\u2022 Fin 3D-spelplan.<\/div>\n<div>\u2022 Massor av f\u00e4rggranna illustrationer.<\/div>\n","protected":false},"excerpt":{"rendered":"<div>Idag har bondg\u00e5rdsdjuren ledigt.<\/div>\n<div>L\u00e4gg dina djurbrickor p\u00e5 handdukarna runt lertunnan<\/div>\n<div>och f\u00f6rs\u00f6k att skv\u00e4tta ner s\u00e5 m\u00e5nga djur<\/div>\n<div>som m\u00f6jligt genom att sl\u00e4ppa grisen rakt ner i leran som plaskar.<\/div>\n","protected":false},"featured_media":0,"template":"","meta":{"content-type":"","_monsterinsights_skip_tracking":false,"_monsterinsights_sitenote_active":false,"_monsterinsights_sitenote_note":"","_monsterinsights_sitenote_category":0},"product_brand":[],"product_cat":[1462,2087],"product_tag":[1220,1249],"brand":[],"target-group":[],"discontinued":[],"class_list":{"0":"post-56606","1":"product","2":"type-product","3":"status-archive","5":"product_cat-bradspel-barnspel","6":"product_cat-outlet-3","7":"product_tag-aktion-sv","8":"product_tag-skicklighet-sv","10":"first","11":"outofstock","12":"taxable","13":"shipping-taxable","14":"product-type-simple"},"aioseo_notices":[],"_links":{"self":[{"href":"https:\/\/games.tactic.net\/sv\/wp-json\/wp\/v2\/product\/56606","targetHints":{"allow":["GET"]}}],"collection":[{"href":"https:\/\/games.tactic.net\/sv\/wp-json\/wp\/v2\/product"}],"about":[{"href":"https:\/\/games.tactic.net\/sv\/wp-json\/wp\/v2\/types\/product"}],"wp:attachment":[{"href":"https:\/\/games.tactic.net\/sv\/wp-json\/wp\/v2\/media?parent=56606"}],"wp:term":[{"taxonomy":"product_brand","embeddable":true,"href":"https:\/\/games.tactic.net\/sv\/wp-json\/wp\/v2\/product_brand?post=56606"},{"taxonomy":"product_cat","embeddable":true,"href":"https:\/\/games.tactic.net\/sv\/wp-json\/wp\/v2\/product_cat?post=56606"},{"taxonomy":"product_tag","embeddable":true,"href":"https:\/\/games.tactic.net\/sv\/wp-json\/wp\/v2\/product_tag?post=56606"},{"taxonomy":"brand","embeddable":true,"href":"https:\/\/games.tactic.net\/sv\/wp-json\/wp\/v2\/brand?post=56606"},{"taxonomy":"target-group","embeddable":true,"href":"https:\/\/games.tactic.net\/sv\/wp-json\/wp\/v2\/target-group?post=56606"},{"taxonomy":"discontinued","embeddable":true,"href":"https:\/\/games.tactic.net\/sv\/wp-json\/wp\/v2\/discontinued?post=56606"}],"curies":[{"name":"wp","href":"https:\/\/api.w.org\/{rel}","templated":true}]}}