{"id":565990,"date":"2022-05-10T08:01:32","date_gmt":"2022-05-10T05:01:32","guid":{"rendered":"http:\/\/games.tactic.net\/tuote\/metro-domino-paris\/"},"modified":"2023-10-25T16:42:25","modified_gmt":"2023-10-25T13:42:25","slug":"metro-domino-paris","status":"publish","type":"product","link":"https:\/\/games.tactic.net\/sv\/tuote\/metro-domino-paris\/","title":{"rendered":"Tactic Metro Domino Paris br\u00e4dspel"},"content":{"rendered":"<p>En klassiker med nya drag! Domino har spelats allt sedan den kinesiska Song-dynastins tider, men denna klassiker \u00e4lskas \u00e4n idag! I Metro Domino spelar man med nya tag, d\u00e5 spelet inneh\u00e5ller de mest ikoniska stationer i Paris, som tillf\u00f6r spelet nya h\u00e4ndelser och sp\u00e4nning.<\/p>\n","protected":false},"excerpt":{"rendered":"<p>En klassiker med nya drag! Domino har spelats allt sedan den kinesiska Song-dynastins tider, men denna klassiker \u00e4lskas \u00e4n idag! I Metro Domino spelar man med nya tag, d\u00e5 spelet inneh\u00e5ller de mest ikoniska stationer i Paris, som tillf\u00f6r spelet nya h\u00e4ndelser och sp\u00e4nning.<\/p>\n","protected":false},"featured_media":0,"template":"","meta":{"content-type":"","_monsterinsights_skip_tracking":false,"_monsterinsights_sitenote_active":false,"_monsterinsights_sitenote_note":"","_monsterinsights_sitenote_category":0},"product_brand":[],"product_cat":[1525,1577],"product_tag":[],"brand":[],"target-group":[],"discontinued":[],"class_list":{"0":"post-565990","1":"product","2":"type-product","3":"status-publish","5":"product_cat-klassiker","6":"product_cat-klassiska-spel-vuxenspel","8":"first","9":"instock","10":"taxable","11":"shipping-taxable","12":"product-type-simple"},"aioseo_notices":[],"_links":{"self":[{"href":"https:\/\/games.tactic.net\/sv\/wp-json\/wp\/v2\/product\/565990","targetHints":{"allow":["GET"]}}],"collection":[{"href":"https:\/\/games.tactic.net\/sv\/wp-json\/wp\/v2\/product"}],"about":[{"href":"https:\/\/games.tactic.net\/sv\/wp-json\/wp\/v2\/types\/product"}],"wp:attachment":[{"href":"https:\/\/games.tactic.net\/sv\/wp-json\/wp\/v2\/media?parent=565990"}],"wp:term":[{"taxonomy":"product_brand","embeddable":true,"href":"https:\/\/games.tactic.net\/sv\/wp-json\/wp\/v2\/product_brand?post=565990"},{"taxonomy":"product_cat","embeddable":true,"href":"https:\/\/games.tactic.net\/sv\/wp-json\/wp\/v2\/product_cat?post=565990"},{"taxonomy":"product_tag","embeddable":true,"href":"https:\/\/games.tactic.net\/sv\/wp-json\/wp\/v2\/product_tag?post=565990"},{"taxonomy":"brand","embeddable":true,"href":"https:\/\/games.tactic.net\/sv\/wp-json\/wp\/v2\/brand?post=565990"},{"taxonomy":"target-group","embeddable":true,"href":"https:\/\/games.tactic.net\/sv\/wp-json\/wp\/v2\/target-group?post=565990"},{"taxonomy":"discontinued","embeddable":true,"href":"https:\/\/games.tactic.net\/sv\/wp-json\/wp\/v2\/discontinued?post=565990"}],"curies":[{"name":"wp","href":"https:\/\/api.w.org\/{rel}","templated":true}]}}