{"id":565961,"date":"2022-05-10T07:57:33","date_gmt":"2022-05-10T04:57:33","guid":{"rendered":"http:\/\/games.tactic.net\/tuote\/metro-domino-storstad-sverige\/"},"modified":"2024-09-09T10:06:47","modified_gmt":"2024-09-09T07:06:47","slug":"metro-domino-storstad-sverige","status":"archive","type":"product","link":"https:\/\/games.tactic.net\/sv\/tuote\/metro-domino-storstad-sverige\/","title":{"rendered":"Tactic Metro Domino Storstad Sverige"},"content":{"rendered":"<p>En spelklassiker med en ny twist! Domino spelades redan i Kina redan under Song-dynastin, men den h\u00e4r spelklassikern \u00e4r precis lika sp\u00e4nnande. Metro Domino inneh\u00e5ller de mest k\u00e4nda tunnelbanestationerna i Sverige, vilket ger spelet en helt ny twist!<\/p>\n","protected":false},"excerpt":{"rendered":"<p>En spelklassiker med en ny twist! Domino spelades redan i Kina redan under Song-dynastin, men den h\u00e4r spelklassikern \u00e4r precis lika sp\u00e4nnande. Metro Domino inneh\u00e5ller de mest k\u00e4nda tunnelbanestationerna i Sverige, vilket ger spelet en helt ny twist!<\/p>\n","protected":false},"featured_media":0,"template":"","meta":{"content-type":"","_monsterinsights_skip_tracking":false,"_monsterinsights_sitenote_active":false,"_monsterinsights_sitenote_note":"","_monsterinsights_sitenote_category":0},"product_brand":[],"product_cat":[1525,1577],"product_tag":[],"brand":[],"target-group":[],"discontinued":[],"class_list":{"0":"post-565961","1":"product","2":"type-product","3":"status-archive","5":"product_cat-klassiker","6":"product_cat-klassiska-spel-vuxenspel","8":"first","9":"outofstock","10":"taxable","11":"shipping-taxable","12":"product-type-simple"},"aioseo_notices":[],"_links":{"self":[{"href":"https:\/\/games.tactic.net\/sv\/wp-json\/wp\/v2\/product\/565961","targetHints":{"allow":["GET"]}}],"collection":[{"href":"https:\/\/games.tactic.net\/sv\/wp-json\/wp\/v2\/product"}],"about":[{"href":"https:\/\/games.tactic.net\/sv\/wp-json\/wp\/v2\/types\/product"}],"wp:attachment":[{"href":"https:\/\/games.tactic.net\/sv\/wp-json\/wp\/v2\/media?parent=565961"}],"wp:term":[{"taxonomy":"product_brand","embeddable":true,"href":"https:\/\/games.tactic.net\/sv\/wp-json\/wp\/v2\/product_brand?post=565961"},{"taxonomy":"product_cat","embeddable":true,"href":"https:\/\/games.tactic.net\/sv\/wp-json\/wp\/v2\/product_cat?post=565961"},{"taxonomy":"product_tag","embeddable":true,"href":"https:\/\/games.tactic.net\/sv\/wp-json\/wp\/v2\/product_tag?post=565961"},{"taxonomy":"brand","embeddable":true,"href":"https:\/\/games.tactic.net\/sv\/wp-json\/wp\/v2\/brand?post=565961"},{"taxonomy":"target-group","embeddable":true,"href":"https:\/\/games.tactic.net\/sv\/wp-json\/wp\/v2\/target-group?post=565961"},{"taxonomy":"discontinued","embeddable":true,"href":"https:\/\/games.tactic.net\/sv\/wp-json\/wp\/v2\/discontinued?post=565961"}],"curies":[{"name":"wp","href":"https:\/\/api.w.org\/{rel}","templated":true}]}}