{"id":565945,"date":"2022-05-09T16:06:27","date_gmt":"2022-05-09T13:06:27","guid":{"rendered":"http:\/\/games.tactic.net\/tuote\/larsen-playful-dinosaurs-4-x-1-mini\/"},"modified":"2023-10-19T15:51:09","modified_gmt":"2023-10-19T12:51:09","slug":"larsen-playful-dinosaurs-4-x-1-mini","status":"publish","type":"product","link":"https:\/\/games.tactic.net\/sv\/tuote\/larsen-playful-dinosaurs-4-x-1-mini\/","title":{"rendered":"Larsen Mini Playful Dinosaurs 7 pcs pussel"},"content":{"rendered":"<p>Larsen Mini Lekfulla dinosaurier 7 bitar pussel 18,3 x 14,3 cm. 4 olika motiv finns tillg\u00e4ngliga. H\u00e4r finns 4 MINI-pussel med 7 bitar och lekfulla dinosaurier f\u00f6r de allra yngsta. Tv\u00e5 av bitarna i varje pussel \u00e4r utformade som figurer av olika djur. Alla kommer att tycka om dessa glada och v\u00e4nliga dinosaurier, som \u00e4r gjorda f\u00f6r att sprida gl\u00e4dje och stimulera fantasin. H\u00e4r finns flyg\u00f6dlor, simmande dinosaurier, l\u00e5nghalsade sauropoder, triceratops med horn och dinosaurier med segel p\u00e5 ryggen. En liten dinosaurieunge \u00e4r p\u00e5 v\u00e4g ut ur \u00e4gget. Kanske kan pusslen ocks\u00e5 v\u00e4cka intresse f\u00f6r varelser som h\u00e4rskade \u00f6ver jorden f\u00f6r miljontals \u00e5r sedan? De 4 pusslen \u00e4r gjorda i klara och barnv\u00e4nliga f\u00e4rger.<\/p>\n<p>Larsen Mini \u00e4r en h\u00f6gkvalitativ pusselserie f\u00f6r barn som kombinerar l\u00e4rande och lek. F\u00e4rgstarka illustrationer och stadiga rambitar g\u00f6r pusslen enkla och roliga att l\u00e4gga. Larsen Mini-pussel \u00e4r idealiska f\u00f6r yngre barn och hj\u00e4lper till att utveckla finmotorik och koncentration.<\/p>\n<p>Larsen tillverkar h\u00f6gkvalitativa pedagogiska pussel som \u00e4r utformade f\u00f6r att st\u00f6dja l\u00e4rande genom lek. Detta norska familjef\u00f6retag har varit verksamt sedan 1953, och alla pussel tillverkas i Norge. Sortimentet omfattar m\u00e5nga olika teman som djur, kartor, fordon, rymden och natur. Tydliga illustrationer och h\u00e5llbara bitar g\u00f6r Larsen-pussel till ett utm\u00e4rkt val f\u00f6r barn.<\/p>\n","protected":false},"excerpt":{"rendered":"<p>Larsen Mini Lekfulla dinosaurier 7 bitars pussel 18,3 x 14,3 cm, levereras med 4 olika motiv. Tyv\u00e4rr g\u00e5r det inte att v\u00e4lja motiv vid k\u00f6p.<\/p>\n","protected":false},"featured_media":0,"template":"","meta":{"content-type":"","_monsterinsights_skip_tracking":false,"_monsterinsights_sitenote_active":false,"_monsterinsights_sitenote_note":"","_monsterinsights_sitenote_category":0},"product_brand":[],"product_cat":[1520],"product_tag":[],"brand":[],"target-group":[],"discontinued":[],"class_list":{"0":"post-565945","1":"product","2":"type-product","3":"status-publish","5":"product_cat-barn-pussel","7":"first","8":"instock","9":"taxable","10":"shipping-taxable","11":"product-type-simple"},"aioseo_notices":[],"_links":{"self":[{"href":"https:\/\/games.tactic.net\/sv\/wp-json\/wp\/v2\/product\/565945","targetHints":{"allow":["GET"]}}],"collection":[{"href":"https:\/\/games.tactic.net\/sv\/wp-json\/wp\/v2\/product"}],"about":[{"href":"https:\/\/games.tactic.net\/sv\/wp-json\/wp\/v2\/types\/product"}],"wp:attachment":[{"href":"https:\/\/games.tactic.net\/sv\/wp-json\/wp\/v2\/media?parent=565945"}],"wp:term":[{"taxonomy":"product_brand","embeddable":true,"href":"https:\/\/games.tactic.net\/sv\/wp-json\/wp\/v2\/product_brand?post=565945"},{"taxonomy":"product_cat","embeddable":true,"href":"https:\/\/games.tactic.net\/sv\/wp-json\/wp\/v2\/product_cat?post=565945"},{"taxonomy":"product_tag","embeddable":true,"href":"https:\/\/games.tactic.net\/sv\/wp-json\/wp\/v2\/product_tag?post=565945"},{"taxonomy":"brand","embeddable":true,"href":"https:\/\/games.tactic.net\/sv\/wp-json\/wp\/v2\/brand?post=565945"},{"taxonomy":"target-group","embeddable":true,"href":"https:\/\/games.tactic.net\/sv\/wp-json\/wp\/v2\/target-group?post=565945"},{"taxonomy":"discontinued","embeddable":true,"href":"https:\/\/games.tactic.net\/sv\/wp-json\/wp\/v2\/discontinued?post=565945"}],"curies":[{"name":"wp","href":"https:\/\/api.w.org\/{rel}","templated":true}]}}