{"id":565900,"date":"2022-05-09T16:05:14","date_gmt":"2022-05-09T13:05:14","guid":{"rendered":"http:\/\/games.tactic.net\/tuote\/larsen-ponies-unicorns-and-friends-4x1-mini\/"},"modified":"2023-10-19T15:51:59","modified_gmt":"2023-10-19T12:51:59","slug":"larsen-ponies-unicorns-and-friends-4x1-mini","status":"publish","type":"product","link":"https:\/\/games.tactic.net\/sv\/tuote\/larsen-ponies-unicorns-and-friends-4x1-mini\/","title":{"rendered":"Larsen Mini Ponies, Unicorns and Friends 11 pcs pussel"},"content":{"rendered":"<p>Larsen Mini Ponnyer, enh\u00f6rningar och v\u00e4nner 11 bitar pussel 18,3 x 14,3 cm. 4 olika motiv finns tillg\u00e4ngliga, alla gjorda f\u00f6r att sprida gl\u00e4dje hos sm\u00e5 barn. Ett av pusslen har ett motiv fr\u00e5n en bondg\u00e5rd d\u00e4r du f\u00f6rutom en vacker ung h\u00e4st hittar tv\u00e5 kor, en ponny, en g\u00e5s med kycklingar, lamm, en liten kulting och en tupp med kycklingar. P\u00e5 ett annat pussel finns en vacker h\u00e4st med f\u00f6l, omgiven av husdjur: hundar, katter och en kanin. Det tredje pusslet har ett skogsmotiv med en enh\u00f6rning och f\u00f6l omgivna av skogsdjur, hjortar, ekorrar, kaniner och en anka med kyckling. P\u00e5 det fj\u00e4rde pusslet sitter en liten drake med l\u00e5ng svans och tittar p\u00e5 tre glada enh\u00f6rningar med vingar som dansar p\u00e5 en \u00e4ng med blommor och fj\u00e4rilar.<\/p>\n<p>Larsen Mini \u00e4r en h\u00f6gkvalitativ pusselserie f\u00f6r barn som kombinerar l\u00e4rande och lek. F\u00e4rgstarka illustrationer och stadiga rambitar g\u00f6r pusslen enkla och roliga att l\u00e4gga. Larsen Mini-pussel \u00e4r idealiska f\u00f6r yngre barn och hj\u00e4lper till att utveckla finmotorik och koncentration.<\/p>\n<p>Larsen tillverkar h\u00f6gkvalitativa pedagogiska pussel som \u00e4r utformade f\u00f6r att st\u00f6dja l\u00e4rande genom lek. Detta norska familjef\u00f6retag har varit verksamt sedan 1953, och alla pussel tillverkas i Norge. Sortimentet omfattar m\u00e5nga olika teman som djur, kartor, fordon, rymden och natur. Tydliga illustrationer och h\u00e5llbara bitar g\u00f6r Larsen-pussel till ett utm\u00e4rkt val f\u00f6r barn.<\/p>\n","protected":false},"excerpt":{"rendered":"<p>Larsen Mini Ponnyer, enh\u00f6rningar och v\u00e4nner 11 bitars pussel 18,3 x 14,3 cm, levereras med 4 olika motiv. Tyv\u00e4rr g\u00e5r det inte att v\u00e4lja motiv vid k\u00f6p.<\/p>\n","protected":false},"featured_media":0,"template":"","meta":{"content-type":"","_monsterinsights_skip_tracking":false,"_monsterinsights_sitenote_active":false,"_monsterinsights_sitenote_note":"","_monsterinsights_sitenote_category":0},"product_brand":[],"product_cat":[1520],"product_tag":[],"brand":[],"target-group":[],"discontinued":[],"class_list":{"0":"post-565900","1":"product","2":"type-product","3":"status-publish","5":"product_cat-barn-pussel","7":"first","8":"instock","9":"taxable","10":"shipping-taxable","11":"product-type-simple"},"aioseo_notices":[],"_links":{"self":[{"href":"https:\/\/games.tactic.net\/sv\/wp-json\/wp\/v2\/product\/565900","targetHints":{"allow":["GET"]}}],"collection":[{"href":"https:\/\/games.tactic.net\/sv\/wp-json\/wp\/v2\/product"}],"about":[{"href":"https:\/\/games.tactic.net\/sv\/wp-json\/wp\/v2\/types\/product"}],"wp:attachment":[{"href":"https:\/\/games.tactic.net\/sv\/wp-json\/wp\/v2\/media?parent=565900"}],"wp:term":[{"taxonomy":"product_brand","embeddable":true,"href":"https:\/\/games.tactic.net\/sv\/wp-json\/wp\/v2\/product_brand?post=565900"},{"taxonomy":"product_cat","embeddable":true,"href":"https:\/\/games.tactic.net\/sv\/wp-json\/wp\/v2\/product_cat?post=565900"},{"taxonomy":"product_tag","embeddable":true,"href":"https:\/\/games.tactic.net\/sv\/wp-json\/wp\/v2\/product_tag?post=565900"},{"taxonomy":"brand","embeddable":true,"href":"https:\/\/games.tactic.net\/sv\/wp-json\/wp\/v2\/brand?post=565900"},{"taxonomy":"target-group","embeddable":true,"href":"https:\/\/games.tactic.net\/sv\/wp-json\/wp\/v2\/target-group?post=565900"},{"taxonomy":"discontinued","embeddable":true,"href":"https:\/\/games.tactic.net\/sv\/wp-json\/wp\/v2\/discontinued?post=565900"}],"curies":[{"name":"wp","href":"https:\/\/api.w.org\/{rel}","templated":true}]}}