{"id":565768,"date":"2022-05-09T16:00:24","date_gmt":"2022-05-09T13:00:24","guid":{"rendered":"http:\/\/games.tactic.net\/tuote\/larsen-elegant-sport-cars-in-the-city-2-x-1-midi\/"},"modified":"2023-10-19T15:44:49","modified_gmt":"2023-10-19T12:44:49","slug":"larsen-elegant-sport-cars-in-the-city-2-x-1-midi","status":"publish","type":"product","link":"https:\/\/games.tactic.net\/sv\/tuote\/larsen-elegant-sport-cars-in-the-city-2-x-1-midi\/","title":{"rendered":"Larsen Midi Elegant Sport Cars in the city 30 pcs pussel"},"content":{"rendered":"<p>Larsen Midi Eleganta sportbilar i staden 30 bitar pussel 28,5 x 18,3 cm. 2 olika motiv. Har du n\u00e5gonsin dr\u00f6mt om att k\u00f6ra fantastiska sportbilar i sp\u00e4nnande milj\u00f6? Dessa f\u00e4rgglada MIDI-pussel best\u00e5r av 30 bitar. N\u00e5gra bitar \u00e4r utskurna efter bildens konturer och andra \u00e4r formade som bilar och motorcyklar. Varje pussel har 30 bitar och passar barn som gillar bilar och \u00e4r vana vid pussel.<\/p>\n<p>Larsen Midi \u00e4r en h\u00f6gkvalitativ pusselserie f\u00f6r barn som kombinerar l\u00e4rande och lek. F\u00e4rgstarka illustrationer och stadiga rambitar g\u00f6r pusslen enkla och roliga att l\u00e4gga. Larsen Midi-pussel \u00e4r idealiska f\u00f6r yngre barn och hj\u00e4lper till att utveckla finmotorik och koncentration.<\/p>\n<p>Larsen tillverkar h\u00f6gkvalitativa pedagogiska pussel som \u00e4r utformade f\u00f6r att st\u00f6dja l\u00e4rande genom lek. Detta norska familjef\u00f6retag har varit verksamt sedan 1953, och alla pussel tillverkas i Norge. Sortimentet omfattar m\u00e5nga olika teman som djur, kartor, fordon, rymden och natur. Tydliga illustrationer och h\u00e5llbara bitar g\u00f6r Larsen-pussel till ett utm\u00e4rkt val f\u00f6r barn.<\/p>\n","protected":false},"excerpt":{"rendered":"<p>Larsen Midi Eleganta sportbilar i staden 30 bitars pussel 28,5 x 18,3 cm, levereras med 2 olika motiv. Tyv\u00e4rr g\u00e5r det inte att v\u00e4lja motiv vid k\u00f6p.<\/p>\n","protected":false},"featured_media":0,"template":"","meta":{"content-type":"","_monsterinsights_skip_tracking":false,"_monsterinsights_sitenote_active":false,"_monsterinsights_sitenote_note":"","_monsterinsights_sitenote_category":0},"product_brand":[],"product_cat":[1520],"product_tag":[],"brand":[],"target-group":[],"discontinued":[],"class_list":{"0":"post-565768","1":"product","2":"type-product","3":"status-publish","5":"product_cat-barn-pussel","7":"first","8":"instock","9":"taxable","10":"shipping-taxable","11":"product-type-simple"},"aioseo_notices":[],"_links":{"self":[{"href":"https:\/\/games.tactic.net\/sv\/wp-json\/wp\/v2\/product\/565768","targetHints":{"allow":["GET"]}}],"collection":[{"href":"https:\/\/games.tactic.net\/sv\/wp-json\/wp\/v2\/product"}],"about":[{"href":"https:\/\/games.tactic.net\/sv\/wp-json\/wp\/v2\/types\/product"}],"wp:attachment":[{"href":"https:\/\/games.tactic.net\/sv\/wp-json\/wp\/v2\/media?parent=565768"}],"wp:term":[{"taxonomy":"product_brand","embeddable":true,"href":"https:\/\/games.tactic.net\/sv\/wp-json\/wp\/v2\/product_brand?post=565768"},{"taxonomy":"product_cat","embeddable":true,"href":"https:\/\/games.tactic.net\/sv\/wp-json\/wp\/v2\/product_cat?post=565768"},{"taxonomy":"product_tag","embeddable":true,"href":"https:\/\/games.tactic.net\/sv\/wp-json\/wp\/v2\/product_tag?post=565768"},{"taxonomy":"brand","embeddable":true,"href":"https:\/\/games.tactic.net\/sv\/wp-json\/wp\/v2\/brand?post=565768"},{"taxonomy":"target-group","embeddable":true,"href":"https:\/\/games.tactic.net\/sv\/wp-json\/wp\/v2\/target-group?post=565768"},{"taxonomy":"discontinued","embeddable":true,"href":"https:\/\/games.tactic.net\/sv\/wp-json\/wp\/v2\/discontinued?post=565768"}],"curies":[{"name":"wp","href":"https:\/\/api.w.org\/{rel}","templated":true}]}}