{"id":561665,"date":"2022-05-06T12:21:40","date_gmt":"2022-05-06T09:21:40","guid":{"rendered":"http:\/\/games.tactic.net\/tuote\/new-holland-t7-315-with-frontloader\/"},"modified":"2023-10-20T16:52:34","modified_gmt":"2023-10-20T13:52:34","slug":"new-holland-t7-315-with-frontloader","status":"publish","type":"product","link":"https:\/\/games.tactic.net\/sv\/tuote\/new-holland-t7-315-with-frontloader\/","title":{"rendered":"Bruder New Holland T7.315 traktor med frontlastare leksak"},"content":{"rendered":"<p>Moderna g\u00e5rdar kr\u00e4ver starka traktorer. New Holland T7 Heavy Duty levererar 313 hk f\u00f6r tung utrustning \u2013 perfekt f\u00f6r drag, jordbearbetning, balpressning och transport. BRUDER:s 1:16-modell h\u00e5ller h\u00f6gsta klass: glasad hytt med \u00f6ppningsbara d\u00f6rrar, f\u00e4llbar motorhuv, pendlande framaxel och styrf\u00f6rl\u00e4ngning genom taket. Denna version har fullt fungerande frontlastare f\u00f6r \u00e4nnu roligare lek. Tvillinghjul (art.nr. 03317) kan monteras. H\u00f6jdjusterbart drag passar alla Professional-sl\u00e4p. Nya, avtagbara hjul ing\u00e5r. Workshop-figurset (art.nr. 62100) h\u00f6jer lekv\u00e4rdet ytterligare. Alla BRUDER:s jordbruksvagnar och redskap \u00e4r kompatibla.<\/p>\n","protected":false},"excerpt":{"rendered":"<p>New Holland T7.315: 313 hk, fullt detaljrik modell med \u00f6ppningsbar motorhuv, hyttd\u00f6rrar och frontlastare. Perfekt f\u00f6r g\u00e5rdslek.<\/p>\n","protected":false},"featured_media":0,"template":"","meta":{"content-type":"","_monsterinsights_skip_tracking":false,"_monsterinsights_sitenote_active":false,"_monsterinsights_sitenote_note":"","_monsterinsights_sitenote_category":0},"product_brand":[],"product_cat":[823],"product_tag":[],"brand":[],"target-group":[],"discontinued":[],"class_list":{"0":"post-561665","1":"product","2":"type-product","3":"status-publish","5":"product_cat-bruder","7":"first","8":"instock","9":"taxable","10":"shipping-taxable","11":"product-type-simple"},"aioseo_notices":[],"_links":{"self":[{"href":"https:\/\/games.tactic.net\/sv\/wp-json\/wp\/v2\/product\/561665","targetHints":{"allow":["GET"]}}],"collection":[{"href":"https:\/\/games.tactic.net\/sv\/wp-json\/wp\/v2\/product"}],"about":[{"href":"https:\/\/games.tactic.net\/sv\/wp-json\/wp\/v2\/types\/product"}],"wp:attachment":[{"href":"https:\/\/games.tactic.net\/sv\/wp-json\/wp\/v2\/media?parent=561665"}],"wp:term":[{"taxonomy":"product_brand","embeddable":true,"href":"https:\/\/games.tactic.net\/sv\/wp-json\/wp\/v2\/product_brand?post=561665"},{"taxonomy":"product_cat","embeddable":true,"href":"https:\/\/games.tactic.net\/sv\/wp-json\/wp\/v2\/product_cat?post=561665"},{"taxonomy":"product_tag","embeddable":true,"href":"https:\/\/games.tactic.net\/sv\/wp-json\/wp\/v2\/product_tag?post=561665"},{"taxonomy":"brand","embeddable":true,"href":"https:\/\/games.tactic.net\/sv\/wp-json\/wp\/v2\/brand?post=561665"},{"taxonomy":"target-group","embeddable":true,"href":"https:\/\/games.tactic.net\/sv\/wp-json\/wp\/v2\/target-group?post=561665"},{"taxonomy":"discontinued","embeddable":true,"href":"https:\/\/games.tactic.net\/sv\/wp-json\/wp\/v2\/discontinued?post=561665"}],"curies":[{"name":"wp","href":"https:\/\/api.w.org\/{rel}","templated":true}]}}