{"id":561211,"date":"2022-05-06T11:28:30","date_gmt":"2022-05-06T08:28:30","guid":{"rendered":"http:\/\/games.tactic.net\/tuote\/man-tga-construction-truck-and-liebherr-excavator\/"},"modified":"2023-10-20T16:33:57","modified_gmt":"2023-10-20T13:33:57","slug":"man-tga-construction-truck-and-liebherr-excavator","status":"publish","type":"product","link":"https:\/\/games.tactic.net\/sv\/tuote\/man-tga-construction-truck-and-liebherr-excavator\/","title":{"rendered":"Bruder MAN TGA Bygglastbil och Liebherr gr\u00e4vmaskin leksak"},"content":{"rendered":"<p>Flytta jord med gr\u00e4varen, lasta i tippsl\u00e4pet och k\u00f6r bort direkt! Setet best\u00e5r av en Liebherr-gr\u00e4vare och MAN bygglastbil. Lastbilens sidor kan f\u00e4llas ned p\u00e5 tre h\u00e5ll, och flaket kan tippas. Gr\u00e4varmen \u00e4r fullt fungerande, hytten roterar 360\u00b0 och st\u00f6dben ger stabilitet. Lastbilen kan utrustas med Ljus- &#038; Ljudmodul (art.nr. 02801).<\/p>\n","protected":false},"excerpt":{"rendered":"<p>Flytta jord med gr\u00e4varen, lassa p\u00e5 tipptrailern och k\u00f6r iv\u00e4g! Setet best\u00e5r av Liebherr-gr\u00e4vmaskin och MAN bygglastbil.<\/p>\n","protected":false},"featured_media":0,"template":"","meta":{"content-type":"","_monsterinsights_skip_tracking":false,"_monsterinsights_sitenote_active":false,"_monsterinsights_sitenote_note":"","_monsterinsights_sitenote_category":0},"product_brand":[],"product_cat":[823],"product_tag":[],"brand":[],"target-group":[],"discontinued":[],"class_list":{"0":"post-561211","1":"product","2":"type-product","3":"status-publish","5":"product_cat-bruder","7":"first","8":"instock","9":"taxable","10":"shipping-taxable","11":"product-type-simple"},"aioseo_notices":[],"_links":{"self":[{"href":"https:\/\/games.tactic.net\/sv\/wp-json\/wp\/v2\/product\/561211","targetHints":{"allow":["GET"]}}],"collection":[{"href":"https:\/\/games.tactic.net\/sv\/wp-json\/wp\/v2\/product"}],"about":[{"href":"https:\/\/games.tactic.net\/sv\/wp-json\/wp\/v2\/types\/product"}],"wp:attachment":[{"href":"https:\/\/games.tactic.net\/sv\/wp-json\/wp\/v2\/media?parent=561211"}],"wp:term":[{"taxonomy":"product_brand","embeddable":true,"href":"https:\/\/games.tactic.net\/sv\/wp-json\/wp\/v2\/product_brand?post=561211"},{"taxonomy":"product_cat","embeddable":true,"href":"https:\/\/games.tactic.net\/sv\/wp-json\/wp\/v2\/product_cat?post=561211"},{"taxonomy":"product_tag","embeddable":true,"href":"https:\/\/games.tactic.net\/sv\/wp-json\/wp\/v2\/product_tag?post=561211"},{"taxonomy":"brand","embeddable":true,"href":"https:\/\/games.tactic.net\/sv\/wp-json\/wp\/v2\/brand?post=561211"},{"taxonomy":"target-group","embeddable":true,"href":"https:\/\/games.tactic.net\/sv\/wp-json\/wp\/v2\/target-group?post=561211"},{"taxonomy":"discontinued","embeddable":true,"href":"https:\/\/games.tactic.net\/sv\/wp-json\/wp\/v2\/discontinued?post=561211"}],"curies":[{"name":"wp","href":"https:\/\/api.w.org\/{rel}","templated":true}]}}