{"id":56080,"date":"2021-01-21T12:37:53","date_gmt":"2021-01-21T10:37:53","guid":{"rendered":"https:\/\/dev.tactic.net\/tuote\/molkky\/"},"modified":"2023-10-06T18:31:52","modified_gmt":"2023-10-06T15:31:52","slug":"molkky","status":"publish","type":"product","link":"https:\/\/games.tactic.net\/sv\/tuote\/molkky\/","title":{"rendered":"M\u00f6lkky\u00ae Original"},"content":{"rendered":"<p>Utomhusspelens b\u00e4sts\u00e4ljare i de skandinaviska l\u00e4nderna! M\u00f6lkky\u00ae \u00e4r ett perfekt s\u00e4tt att tr\u00e4ffa nya m\u00e4nniskor eller att ha kul med familjen, v\u00e4nnerna eller arbetskamraterna! Du beh\u00f6ver inte vara v\u00e4ltr\u00e4nad\u2026 framg\u00e5ngen baserar sig p\u00e5 en kombination av tur och tr\u00e4ffs\u00e4kerhet. Allt du beh\u00f6ver \u00e4r en plats utomhus och ett spelglatt g\u00e4ng! Den som f\u00f6rst sl\u00e5r ner klossar totalt v\u00e4rt 50 po\u00e4ng med en M\u00f6lkky\u00ae-pinne vinner! Gediget spel i tr\u00e4. Vikt: 4,4 kg.<\/p>\n","protected":false},"excerpt":{"rendered":"<p>Utomhusspelens b\u00e4sts\u00e4ljare i de skandinaviska l\u00e4nderna! M\u00f6lkky\u00ae \u00e4r ett perfekt s\u00e4tt att tr\u00e4ffa nya m\u00e4nniskor eller att ha kul med familjen, v\u00e4nnerna eller arbetskamraterna!<\/p>\n","protected":false},"featured_media":0,"template":"","meta":{"content-type":"","_monsterinsights_skip_tracking":false,"_monsterinsights_sitenote_active":false,"_monsterinsights_sitenote_note":"","_monsterinsights_sitenote_category":0},"product_brand":[],"product_cat":[1537],"product_tag":[304,381],"brand":[{"id":1217,"name":"M\u00f6lkky","slug":"molkky_se"}],"target-group":[],"discontinued":[],"class_list":{"0":"post-56080","1":"product","2":"type-product","3":"status-publish","5":"product_cat-spel","6":"product_tag-aktion","7":"product_tag-skicklighet","8":"brand-molkky_se","10":"first","11":"instock","12":"taxable","13":"shipping-taxable","14":"product-type-simple"},"aioseo_notices":[],"_links":{"self":[{"href":"https:\/\/games.tactic.net\/sv\/wp-json\/wp\/v2\/product\/56080","targetHints":{"allow":["GET"]}}],"collection":[{"href":"https:\/\/games.tactic.net\/sv\/wp-json\/wp\/v2\/product"}],"about":[{"href":"https:\/\/games.tactic.net\/sv\/wp-json\/wp\/v2\/types\/product"}],"wp:attachment":[{"href":"https:\/\/games.tactic.net\/sv\/wp-json\/wp\/v2\/media?parent=56080"}],"wp:term":[{"taxonomy":"product_brand","embeddable":true,"href":"https:\/\/games.tactic.net\/sv\/wp-json\/wp\/v2\/product_brand?post=56080"},{"taxonomy":"product_cat","embeddable":true,"href":"https:\/\/games.tactic.net\/sv\/wp-json\/wp\/v2\/product_cat?post=56080"},{"taxonomy":"product_tag","embeddable":true,"href":"https:\/\/games.tactic.net\/sv\/wp-json\/wp\/v2\/product_tag?post=56080"},{"taxonomy":"brand","embeddable":true,"href":"https:\/\/games.tactic.net\/sv\/wp-json\/wp\/v2\/brand?post=56080"},{"taxonomy":"target-group","embeddable":true,"href":"https:\/\/games.tactic.net\/sv\/wp-json\/wp\/v2\/target-group?post=56080"},{"taxonomy":"discontinued","embeddable":true,"href":"https:\/\/games.tactic.net\/sv\/wp-json\/wp\/v2\/discontinued?post=56080"}],"curies":[{"name":"wp","href":"https:\/\/api.w.org\/{rel}","templated":true}]}}