{"id":55929,"date":"2021-01-21T12:22:05","date_gmt":"2021-01-21T10:22:05","guid":{"rendered":"https:\/\/dev.tactic.net\/tuote\/kastruta-till-molkky-i-tra-vikbar\/"},"modified":"2023-10-06T18:27:45","modified_gmt":"2023-10-06T15:27:45","slug":"kastruta-till-molkky-i-tra-vikbar","status":"publish","type":"product","link":"https:\/\/games.tactic.net\/sv\/tuote\/kastruta-till-molkky-i-tra-vikbar\/","title":{"rendered":"M\u00f6lkkaari Kastruta till M\u00f6lkky\u00ae i tr\u00e4, vikbar"},"content":{"rendered":"<p>Ett l\u00e4tt s\u00e4tt att markera kastlinjen i M\u00f6lkky\u00ae- spelet.<br \/>\nAv h\u00e5llbart tr\u00e4.<br \/>\nKan vikas ihop och \u00e4r l\u00e4tt att f\u00f6rvara.<\/p>\n","protected":false},"excerpt":{"rendered":"<p>Ett l\u00e4tt s\u00e4tt att markera kastlinjen i M\u00f6lkky\u00ae- spelet.<\/p>\n","protected":false},"featured_media":0,"template":"","meta":{"content-type":"","_monsterinsights_skip_tracking":false,"_monsterinsights_sitenote_active":false,"_monsterinsights_sitenote_note":"","_monsterinsights_sitenote_category":0},"product_brand":[],"product_cat":[1535],"product_tag":[1220,1240,1249],"brand":[{"id":1217,"name":"M\u00f6lkky","slug":"molkky_se"}],"target-group":[],"discontinued":[],"class_list":{"0":"post-55929","1":"product","2":"type-product","3":"status-publish","5":"product_cat-tillbehor","6":"product_tag-aktion-sv","7":"product_tag-rakning-sv","8":"product_tag-skicklighet-sv","9":"brand-molkky_se","11":"first","12":"instock","13":"taxable","14":"shipping-taxable","15":"product-type-simple"},"aioseo_notices":[],"_links":{"self":[{"href":"https:\/\/games.tactic.net\/sv\/wp-json\/wp\/v2\/product\/55929","targetHints":{"allow":["GET"]}}],"collection":[{"href":"https:\/\/games.tactic.net\/sv\/wp-json\/wp\/v2\/product"}],"about":[{"href":"https:\/\/games.tactic.net\/sv\/wp-json\/wp\/v2\/types\/product"}],"wp:attachment":[{"href":"https:\/\/games.tactic.net\/sv\/wp-json\/wp\/v2\/media?parent=55929"}],"wp:term":[{"taxonomy":"product_brand","embeddable":true,"href":"https:\/\/games.tactic.net\/sv\/wp-json\/wp\/v2\/product_brand?post=55929"},{"taxonomy":"product_cat","embeddable":true,"href":"https:\/\/games.tactic.net\/sv\/wp-json\/wp\/v2\/product_cat?post=55929"},{"taxonomy":"product_tag","embeddable":true,"href":"https:\/\/games.tactic.net\/sv\/wp-json\/wp\/v2\/product_tag?post=55929"},{"taxonomy":"brand","embeddable":true,"href":"https:\/\/games.tactic.net\/sv\/wp-json\/wp\/v2\/brand?post=55929"},{"taxonomy":"target-group","embeddable":true,"href":"https:\/\/games.tactic.net\/sv\/wp-json\/wp\/v2\/target-group?post=55929"},{"taxonomy":"discontinued","embeddable":true,"href":"https:\/\/games.tactic.net\/sv\/wp-json\/wp\/v2\/discontinued?post=55929"}],"curies":[{"name":"wp","href":"https:\/\/api.w.org\/{rel}","templated":true}]}}