{"id":55924,"date":"2021-01-21T12:20:10","date_gmt":"2021-01-21T10:20:10","guid":{"rendered":"https:\/\/dev.tactic.net\/tuote\/barn-alias\/"},"modified":"2023-10-25T13:21:29","modified_gmt":"2023-10-25T10:21:29","slug":"barn-alias","status":"publish","type":"product","link":"https:\/\/games.tactic.net\/sv\/tuote\/barn-alias\/","title":{"rendered":"Tactic Alias Barn"},"content":{"rendered":"<p>Ett roligt bildf\u00f6rklaringsspel f\u00f6r barn. Spelet spelas i tv\u00e5mannalag och minsta antal spelare \u00e4r 4. Spelet g\u00e5r ut p\u00e5 att beskriva och gissa bilder. Det g\u00e4ller att f\u00f6rklara f\u00f6r lagkamraten vad bildkorten f\u00f6rest\u00e4ller s\u00e5 att han\/hon kan gissa r\u00e4tt p\u00e5 s\u00e5 m\u00e5nga som m\u00f6jligt under 1 minut. Ju b\u00e4ttre dina f\u00f6rklaringar \u00e4r desto snabbare tar man sig mot m\u00e5l. Spelet blir en sp\u00e4nnande kamp mot timglaset!<\/p>\n<p><img decoding=\"async\" src=\"https:\\\\\\\\games.tactic.net\\\\pic\\\\logo\\\\Awarded_concept.png\"><\/p>\n","protected":false},"excerpt":{"rendered":"<p>Ett roligt bildf\u00f6rklaringsspel f\u00f6r barn. Spelet g\u00e5r ut p\u00e5 att beskriva och gissa bilder. Det g\u00e4ller att f\u00f6rklara f\u00f6r lagkamraten vad bildkorten f\u00f6rest\u00e4ller s\u00e5 att hen kan gissa r\u00e4tt p\u00e5 s\u00e5 m\u00e5nga som m\u00f6jligt under 1 minut.<\/p>\n","protected":false},"featured_media":0,"template":"","meta":{"content-type":"","_monsterinsights_skip_tracking":false,"_monsterinsights_sitenote_active":false,"_monsterinsights_sitenote_note":"","_monsterinsights_sitenote_category":0},"product_brand":[],"product_cat":[1462],"product_tag":[959,845],"brand":[{"id":599,"name":"Alias","slug":"alias_se"}],"target-group":[],"discontinued":[],"class_list":{"0":"post-55924","1":"product","2":"type-product","3":"status-publish","5":"product_cat-bradspel-barnspel","6":"product_tag-ordforklaring","7":"product_tag-tillsammans","8":"brand-alias_se","10":"first","11":"instock","12":"taxable","13":"shipping-taxable","14":"product-type-simple"},"aioseo_notices":[],"_links":{"self":[{"href":"https:\/\/games.tactic.net\/sv\/wp-json\/wp\/v2\/product\/55924","targetHints":{"allow":["GET"]}}],"collection":[{"href":"https:\/\/games.tactic.net\/sv\/wp-json\/wp\/v2\/product"}],"about":[{"href":"https:\/\/games.tactic.net\/sv\/wp-json\/wp\/v2\/types\/product"}],"wp:attachment":[{"href":"https:\/\/games.tactic.net\/sv\/wp-json\/wp\/v2\/media?parent=55924"}],"wp:term":[{"taxonomy":"product_brand","embeddable":true,"href":"https:\/\/games.tactic.net\/sv\/wp-json\/wp\/v2\/product_brand?post=55924"},{"taxonomy":"product_cat","embeddable":true,"href":"https:\/\/games.tactic.net\/sv\/wp-json\/wp\/v2\/product_cat?post=55924"},{"taxonomy":"product_tag","embeddable":true,"href":"https:\/\/games.tactic.net\/sv\/wp-json\/wp\/v2\/product_tag?post=55924"},{"taxonomy":"brand","embeddable":true,"href":"https:\/\/games.tactic.net\/sv\/wp-json\/wp\/v2\/brand?post=55924"},{"taxonomy":"target-group","embeddable":true,"href":"https:\/\/games.tactic.net\/sv\/wp-json\/wp\/v2\/target-group?post=55924"},{"taxonomy":"discontinued","embeddable":true,"href":"https:\/\/games.tactic.net\/sv\/wp-json\/wp\/v2\/discontinued?post=55924"}],"curies":[{"name":"wp","href":"https:\/\/api.w.org\/{rel}","templated":true}]}}