{"id":559141,"date":"2022-05-05T07:07:42","date_gmt":"2022-05-05T04:07:42","guid":{"rendered":"http:\/\/games.tactic.net\/tuote\/winter-swimming\/"},"modified":"2025-06-03T09:19:40","modified_gmt":"2025-06-03T06:19:40","slug":"winter-swimming","status":"archive","type":"product","link":"https:\/\/games.tactic.net\/sv\/tuote\/winter-swimming\/","title":{"rendered":"Tactic Puzzle Lovers Winter Swimming 1000 pcs pussel"},"content":{"rendered":"<p>S\u00e4tt dig bekv\u00e4mt, bred ut bitarna, och b\u00f6rja l\u00e4gga! Detta j\u00e4ttefina pussel \u00e4r tillverkat av FSC-certifierat paff, och kan l\u00e4ggas och tas is\u00e4r om och om igen.<\/p>\n","protected":false},"excerpt":{"rendered":"<p>S\u00e4tt dig bekv\u00e4mt, bred ut bitarna, och b\u00f6rja l\u00e4gga! Detta j\u00e4ttefina pussel \u00e4r tillverkat av FSC-certifierat paff, och kan l\u00e4ggas och tas is\u00e4r om och om igen.<\/p>\n","protected":false},"featured_media":0,"template":"","meta":{"content-type":"","_monsterinsights_skip_tracking":false,"_monsterinsights_sitenote_active":false,"_monsterinsights_sitenote_note":"","_monsterinsights_sitenote_category":0},"product_brand":[],"product_cat":[985],"product_tag":[],"brand":[{"id":605,"name":"PuzzleLovers","slug":"puzzlelovers_se"}],"target-group":[],"discontinued":[],"class_list":{"0":"post-559141","1":"product","2":"type-product","3":"status-archive","5":"product_cat-1000-bitar-2","6":"brand-puzzlelovers_se","8":"first","9":"outofstock","10":"taxable","11":"shipping-taxable","12":"product-type-simple"},"aioseo_notices":[],"_links":{"self":[{"href":"https:\/\/games.tactic.net\/sv\/wp-json\/wp\/v2\/product\/559141","targetHints":{"allow":["GET"]}}],"collection":[{"href":"https:\/\/games.tactic.net\/sv\/wp-json\/wp\/v2\/product"}],"about":[{"href":"https:\/\/games.tactic.net\/sv\/wp-json\/wp\/v2\/types\/product"}],"wp:attachment":[{"href":"https:\/\/games.tactic.net\/sv\/wp-json\/wp\/v2\/media?parent=559141"}],"wp:term":[{"taxonomy":"product_brand","embeddable":true,"href":"https:\/\/games.tactic.net\/sv\/wp-json\/wp\/v2\/product_brand?post=559141"},{"taxonomy":"product_cat","embeddable":true,"href":"https:\/\/games.tactic.net\/sv\/wp-json\/wp\/v2\/product_cat?post=559141"},{"taxonomy":"product_tag","embeddable":true,"href":"https:\/\/games.tactic.net\/sv\/wp-json\/wp\/v2\/product_tag?post=559141"},{"taxonomy":"brand","embeddable":true,"href":"https:\/\/games.tactic.net\/sv\/wp-json\/wp\/v2\/brand?post=559141"},{"taxonomy":"target-group","embeddable":true,"href":"https:\/\/games.tactic.net\/sv\/wp-json\/wp\/v2\/target-group?post=559141"},{"taxonomy":"discontinued","embeddable":true,"href":"https:\/\/games.tactic.net\/sv\/wp-json\/wp\/v2\/discontinued?post=559141"}],"curies":[{"name":"wp","href":"https:\/\/api.w.org\/{rel}","templated":true}]}}