{"id":554373,"date":"2022-04-28T15:37:14","date_gmt":"2022-04-28T12:37:14","guid":{"rendered":"http:\/\/games.tactic.net\/tuote\/rake\/"},"modified":"2025-01-16T11:19:17","modified_gmt":"2025-01-16T09:19:17","slug":"rake","status":"archive","type":"product","link":"https:\/\/games.tactic.net\/sv\/tuote\/rake\/","title":{"rendered":"Stanley Jr. Straight rake toy"},"content":{"rendered":"<p>Kratta. Hj\u00e4lp till att kratta gruset och \u00f6vrigt tr\u00e4dg\u00e5rdsarbete.<\/p>\n","protected":false},"excerpt":{"rendered":"<p>Kratta. Hj\u00e4lp till att kratta gruset och \u00f6vrigt tr\u00e4dg\u00e5rdsarbete.<\/p>\n","protected":false},"featured_media":0,"template":"","meta":{"content-type":"","_monsterinsights_skip_tracking":false,"_monsterinsights_sitenote_active":false,"_monsterinsights_sitenote_note":"","_monsterinsights_sitenote_category":0},"product_brand":[],"product_cat":[1218],"product_tag":[],"brand":[],"target-group":[],"discontinued":[],"class_list":{"0":"post-554373","1":"product","2":"type-product","3":"status-archive","5":"product_cat-stanley-jr-2","7":"first","8":"instock","9":"taxable","10":"shipping-taxable","11":"product-type-simple"},"aioseo_notices":[],"_links":{"self":[{"href":"https:\/\/games.tactic.net\/sv\/wp-json\/wp\/v2\/product\/554373","targetHints":{"allow":["GET"]}}],"collection":[{"href":"https:\/\/games.tactic.net\/sv\/wp-json\/wp\/v2\/product"}],"about":[{"href":"https:\/\/games.tactic.net\/sv\/wp-json\/wp\/v2\/types\/product"}],"wp:attachment":[{"href":"https:\/\/games.tactic.net\/sv\/wp-json\/wp\/v2\/media?parent=554373"}],"wp:term":[{"taxonomy":"product_brand","embeddable":true,"href":"https:\/\/games.tactic.net\/sv\/wp-json\/wp\/v2\/product_brand?post=554373"},{"taxonomy":"product_cat","embeddable":true,"href":"https:\/\/games.tactic.net\/sv\/wp-json\/wp\/v2\/product_cat?post=554373"},{"taxonomy":"product_tag","embeddable":true,"href":"https:\/\/games.tactic.net\/sv\/wp-json\/wp\/v2\/product_tag?post=554373"},{"taxonomy":"brand","embeddable":true,"href":"https:\/\/games.tactic.net\/sv\/wp-json\/wp\/v2\/brand?post=554373"},{"taxonomy":"target-group","embeddable":true,"href":"https:\/\/games.tactic.net\/sv\/wp-json\/wp\/v2\/target-group?post=554373"},{"taxonomy":"discontinued","embeddable":true,"href":"https:\/\/games.tactic.net\/sv\/wp-json\/wp\/v2\/discontinued?post=554373"}],"curies":[{"name":"wp","href":"https:\/\/api.w.org\/{rel}","templated":true}]}}