{"id":53739,"date":"2020-12-17T10:40:57","date_gmt":"2020-12-17T08:40:57","guid":{"rendered":"https:\/\/dev.tactic.net\/tuote\/dosa\/"},"modified":"2022-02-09T13:49:51","modified_gmt":"2022-02-09T11:49:51","slug":"dosa","status":"archive","type":"product","link":"https:\/\/games.tactic.net\/sv\/tuote\/dosa\/","title":{"rendered":"Dosa"},"content":{"rendered":"<div>Kasta \u201cdosor\u201d p\u00e5 en po\u00e4ngtavla och t\u00e4vla om flest po\u00e4ng. F\u00f6rs\u00f6k att f\u00e5 en \u201cmagdrop\u201d!<\/div>\n<div><\/div>\n<div>Snurra, kasta eller sl\u00e4ng dosan och f\u00f6rs\u00f6k f\u00e5 den att landa \u2013 plaff! \u2013 p\u00e5 m\u00e5lbr\u00e4dan! Det h\u00e4r \u00e4r ett helt nytt spel som handlar lika mycket om stil som skicklighet. F\u00e5 dosan att landa p\u00e5 r\u00e4tt st\u00e4lle f\u00f6r att f\u00e5 mest po\u00e4ng! Perfekt i alla situationer och f\u00f6r alla spelare.<\/div>\n<div><\/div>\n<div>\u2022 Ett helt nytt och f\u00e4ngslande aktivitetsspel!<\/div>\n<div>\u2022 H\u00e4ftiga plastpuckar medf\u00f6ljer.<\/div>\n<div>\u2022 L\u00e4tt att l\u00e4ra sig och kul att spela!<\/div>\n","protected":false},"excerpt":{"rendered":"<div>Kasta \u201cdosor\u201d p\u00e5 en po\u00e4ngtavla och t\u00e4vla om flest po\u00e4ng. F\u00f6rs\u00f6k att f\u00e5 en \u201cmagdrop\u201d!<\/div>\n","protected":false},"featured_media":0,"template":"","meta":{"content-type":"","_monsterinsights_skip_tracking":false,"_monsterinsights_sitenote_active":false,"_monsterinsights_sitenote_note":"","_monsterinsights_sitenote_category":0},"product_brand":[],"product_cat":[1540],"product_tag":[1220,1249],"brand":[],"target-group":[],"discontinued":[],"class_list":{"0":"post-53739","1":"product","2":"type-product","3":"status-archive","5":"product_cat-partyspel","6":"product_tag-aktion-sv","7":"product_tag-skicklighet-sv","9":"first","10":"outofstock","11":"taxable","12":"shipping-taxable","13":"product-type-simple"},"aioseo_notices":[],"_links":{"self":[{"href":"https:\/\/games.tactic.net\/sv\/wp-json\/wp\/v2\/product\/53739","targetHints":{"allow":["GET"]}}],"collection":[{"href":"https:\/\/games.tactic.net\/sv\/wp-json\/wp\/v2\/product"}],"about":[{"href":"https:\/\/games.tactic.net\/sv\/wp-json\/wp\/v2\/types\/product"}],"wp:attachment":[{"href":"https:\/\/games.tactic.net\/sv\/wp-json\/wp\/v2\/media?parent=53739"}],"wp:term":[{"taxonomy":"product_brand","embeddable":true,"href":"https:\/\/games.tactic.net\/sv\/wp-json\/wp\/v2\/product_brand?post=53739"},{"taxonomy":"product_cat","embeddable":true,"href":"https:\/\/games.tactic.net\/sv\/wp-json\/wp\/v2\/product_cat?post=53739"},{"taxonomy":"product_tag","embeddable":true,"href":"https:\/\/games.tactic.net\/sv\/wp-json\/wp\/v2\/product_tag?post=53739"},{"taxonomy":"brand","embeddable":true,"href":"https:\/\/games.tactic.net\/sv\/wp-json\/wp\/v2\/brand?post=53739"},{"taxonomy":"target-group","embeddable":true,"href":"https:\/\/games.tactic.net\/sv\/wp-json\/wp\/v2\/target-group?post=53739"},{"taxonomy":"discontinued","embeddable":true,"href":"https:\/\/games.tactic.net\/sv\/wp-json\/wp\/v2\/discontinued?post=53739"}],"curies":[{"name":"wp","href":"https:\/\/api.w.org\/{rel}","templated":true}]}}