{"id":532706,"date":"2022-04-04T08:31:28","date_gmt":"2022-04-04T05:31:28","guid":{"rendered":"http:\/\/games.tactic.net\/tuote\/snabba-bilar-malarbok\/"},"modified":"2023-10-23T10:31:35","modified_gmt":"2023-10-23T07:31:35","slug":"snabba-bilar-malarbok","status":"publish","type":"product","link":"https:\/\/games.tactic.net\/sv\/tuote\/snabba-bilar-malarbok\/","title":{"rendered":"Tactic Snabba bilar m\u00e5larbok"},"content":{"rendered":"<p>S\u00e4tt p\u00e5 dig bilb\u00e4ltet och k\u00f6r mot racerbanan. F\u00e4rgl\u00e4gg alla supersnabba Formel 1 bilar och andra racerbilar med snabba f\u00e4rger. Mycket n\u00f6je med denna bok om en sp\u00e4nnande v\u00e4rld av racing!<\/p>\n","protected":false},"excerpt":{"rendered":"<p>S\u00e4tt p\u00e5 dig bilb\u00e4ltet och k\u00f6r mot racerbanan. F\u00e4rgl\u00e4gg alla supersnabba Formel 1 bilar och andra racerbilar med snabba f\u00e4rger. Mycket n\u00f6je med denna bok om en sp\u00e4nnande v\u00e4rld av racing!<\/p>\n","protected":false},"featured_media":0,"template":"","meta":{"content-type":"","_monsterinsights_skip_tracking":false,"_monsterinsights_sitenote_active":false,"_monsterinsights_sitenote_note":"","_monsterinsights_sitenote_category":0},"product_brand":[],"product_cat":[1529],"product_tag":[],"brand":[],"target-group":[],"discontinued":[],"class_list":{"0":"post-532706","1":"product","2":"type-product","3":"status-publish","5":"product_cat-malarbocker-malar-och-pysselbocker","7":"first","8":"instock","9":"taxable","10":"shipping-taxable","11":"product-type-simple"},"aioseo_notices":[],"_links":{"self":[{"href":"https:\/\/games.tactic.net\/sv\/wp-json\/wp\/v2\/product\/532706","targetHints":{"allow":["GET"]}}],"collection":[{"href":"https:\/\/games.tactic.net\/sv\/wp-json\/wp\/v2\/product"}],"about":[{"href":"https:\/\/games.tactic.net\/sv\/wp-json\/wp\/v2\/types\/product"}],"wp:attachment":[{"href":"https:\/\/games.tactic.net\/sv\/wp-json\/wp\/v2\/media?parent=532706"}],"wp:term":[{"taxonomy":"product_brand","embeddable":true,"href":"https:\/\/games.tactic.net\/sv\/wp-json\/wp\/v2\/product_brand?post=532706"},{"taxonomy":"product_cat","embeddable":true,"href":"https:\/\/games.tactic.net\/sv\/wp-json\/wp\/v2\/product_cat?post=532706"},{"taxonomy":"product_tag","embeddable":true,"href":"https:\/\/games.tactic.net\/sv\/wp-json\/wp\/v2\/product_tag?post=532706"},{"taxonomy":"brand","embeddable":true,"href":"https:\/\/games.tactic.net\/sv\/wp-json\/wp\/v2\/brand?post=532706"},{"taxonomy":"target-group","embeddable":true,"href":"https:\/\/games.tactic.net\/sv\/wp-json\/wp\/v2\/target-group?post=532706"},{"taxonomy":"discontinued","embeddable":true,"href":"https:\/\/games.tactic.net\/sv\/wp-json\/wp\/v2\/discontinued?post=532706"}],"curies":[{"name":"wp","href":"https:\/\/api.w.org\/{rel}","templated":true}]}}