{"id":532691,"date":"2022-04-04T08:29:55","date_gmt":"2022-04-04T05:29:55","guid":{"rendered":"http:\/\/games.tactic.net\/tuote\/massor-av-sport-malarbok\/"},"modified":"2022-04-04T08:29:55","modified_gmt":"2022-04-04T05:29:55","slug":"massor-av-sport-malarbok","status":"publish","type":"product","link":"https:\/\/games.tactic.net\/sv\/tuote\/massor-av-sport-malarbok\/","title":{"rendered":"Tactic Massor av sport m\u00e5larbok"},"content":{"rendered":"<p>Kom igen, kom igen! P\u00e5 sidorna i den h\u00e4r boken s\u00e5 kan du l\u00e4tt pr\u00f6va p\u00e5 alla m\u00f6jliga sporter. Vill du hellre vara \u00e5sk\u00e5dare s\u00e5 g\u00e5r detta ocks\u00e5 bra. Vem vinner? Vem hejar du p\u00e5? Ge mig ditt b\u00e4sta vinnarleende.<\/p>\n","protected":false},"excerpt":{"rendered":"<p>Kom igen, kom igen! P\u00e5 sidorna i den h\u00e4r boken s\u00e5 kan du l\u00e4tt pr\u00f6va p\u00e5 alla m\u00f6jliga sporter. Vill du hellre vara \u00e5sk\u00e5dare s\u00e5 g\u00e5r detta ocks\u00e5 bra. Vem vinner? Vem hejar du p\u00e5? Ge mig ditt b\u00e4sta vinnarleende.<\/p>\n","protected":false},"featured_media":532677,"template":"","meta":{"content-type":"","_monsterinsights_skip_tracking":false,"_monsterinsights_sitenote_active":false,"_monsterinsights_sitenote_note":"","_monsterinsights_sitenote_category":0},"product_brand":[],"product_cat":[1529],"product_tag":[],"brand":[],"target-group":[],"discontinued":[],"class_list":{"0":"post-532691","1":"product","2":"type-product","3":"status-publish","4":"has-post-thumbnail","6":"product_cat-malarbocker-malar-och-pysselbocker","8":"first","9":"instock","10":"taxable","11":"shipping-taxable","12":"product-type-simple"},"aioseo_notices":[],"_links":{"self":[{"href":"https:\/\/games.tactic.net\/sv\/wp-json\/wp\/v2\/product\/532691","targetHints":{"allow":["GET"]}}],"collection":[{"href":"https:\/\/games.tactic.net\/sv\/wp-json\/wp\/v2\/product"}],"about":[{"href":"https:\/\/games.tactic.net\/sv\/wp-json\/wp\/v2\/types\/product"}],"wp:featuredmedia":[{"embeddable":true,"href":"https:\/\/games.tactic.net\/sv\/wp-json\/wp\/v2\/media\/532677"}],"wp:attachment":[{"href":"https:\/\/games.tactic.net\/sv\/wp-json\/wp\/v2\/media?parent=532691"}],"wp:term":[{"taxonomy":"product_brand","embeddable":true,"href":"https:\/\/games.tactic.net\/sv\/wp-json\/wp\/v2\/product_brand?post=532691"},{"taxonomy":"product_cat","embeddable":true,"href":"https:\/\/games.tactic.net\/sv\/wp-json\/wp\/v2\/product_cat?post=532691"},{"taxonomy":"product_tag","embeddable":true,"href":"https:\/\/games.tactic.net\/sv\/wp-json\/wp\/v2\/product_tag?post=532691"},{"taxonomy":"brand","embeddable":true,"href":"https:\/\/games.tactic.net\/sv\/wp-json\/wp\/v2\/brand?post=532691"},{"taxonomy":"target-group","embeddable":true,"href":"https:\/\/games.tactic.net\/sv\/wp-json\/wp\/v2\/target-group?post=532691"},{"taxonomy":"discontinued","embeddable":true,"href":"https:\/\/games.tactic.net\/sv\/wp-json\/wp\/v2\/discontinued?post=532691"}],"curies":[{"name":"wp","href":"https:\/\/api.w.org\/{rel}","templated":true}]}}