{"id":532676,"date":"2022-04-04T08:28:43","date_gmt":"2022-04-04T05:28:43","guid":{"rendered":"http:\/\/games.tactic.net\/tuote\/blommor-och-fjarilar-malarbok\/"},"modified":"2023-10-06T16:18:31","modified_gmt":"2023-10-06T13:18:31","slug":"blommor-och-fjarilar-malarbok","status":"publish","type":"product","link":"https:\/\/games.tactic.net\/sv\/tuote\/blommor-och-fjarilar-malarbok\/","title":{"rendered":"Tactic Blommor och fj\u00e4rilar m\u00e5larbok"},"content":{"rendered":"<p>Vik ut dina vackra vingar i soluppg\u00e5ngen och beundra de fina blommorna p\u00e5 \u00e4ngen. Denna bok \u00e4r fylld med s\u00f6ta fj\u00e4rilar och f\u00e4rgglada blommor. Mycket n\u00f6je!<\/p>\n","protected":false},"excerpt":{"rendered":"<p>Vik ut dina vackra vingar i soluppg\u00e5ngen och beundra de fina blommorna p\u00e5 \u00e4ngen. Denna bok \u00e4r fylld med s\u00f6ta fj\u00e4rilar och f\u00e4rgglada blommor. Mycket n\u00f6je!<\/p>\n","protected":false},"featured_media":0,"template":"","meta":{"content-type":"","_monsterinsights_skip_tracking":false,"_monsterinsights_sitenote_active":false,"_monsterinsights_sitenote_note":"","_monsterinsights_sitenote_category":0},"product_brand":[],"product_cat":[1529],"product_tag":[],"brand":[],"target-group":[],"discontinued":[],"class_list":{"0":"post-532676","1":"product","2":"type-product","3":"status-publish","5":"product_cat-malarbocker-malar-och-pysselbocker","7":"first","8":"instock","9":"taxable","10":"shipping-taxable","11":"product-type-simple"},"aioseo_notices":[],"_links":{"self":[{"href":"https:\/\/games.tactic.net\/sv\/wp-json\/wp\/v2\/product\/532676","targetHints":{"allow":["GET"]}}],"collection":[{"href":"https:\/\/games.tactic.net\/sv\/wp-json\/wp\/v2\/product"}],"about":[{"href":"https:\/\/games.tactic.net\/sv\/wp-json\/wp\/v2\/types\/product"}],"wp:attachment":[{"href":"https:\/\/games.tactic.net\/sv\/wp-json\/wp\/v2\/media?parent=532676"}],"wp:term":[{"taxonomy":"product_brand","embeddable":true,"href":"https:\/\/games.tactic.net\/sv\/wp-json\/wp\/v2\/product_brand?post=532676"},{"taxonomy":"product_cat","embeddable":true,"href":"https:\/\/games.tactic.net\/sv\/wp-json\/wp\/v2\/product_cat?post=532676"},{"taxonomy":"product_tag","embeddable":true,"href":"https:\/\/games.tactic.net\/sv\/wp-json\/wp\/v2\/product_tag?post=532676"},{"taxonomy":"brand","embeddable":true,"href":"https:\/\/games.tactic.net\/sv\/wp-json\/wp\/v2\/brand?post=532676"},{"taxonomy":"target-group","embeddable":true,"href":"https:\/\/games.tactic.net\/sv\/wp-json\/wp\/v2\/target-group?post=532676"},{"taxonomy":"discontinued","embeddable":true,"href":"https:\/\/games.tactic.net\/sv\/wp-json\/wp\/v2\/discontinued?post=532676"}],"curies":[{"name":"wp","href":"https:\/\/api.w.org\/{rel}","templated":true}]}}