{"id":53094,"date":"2020-12-04T12:47:06","date_gmt":"2020-12-04T10:47:06","guid":{"rendered":"https:\/\/dev.tactic.net\/tuote\/gift-game-vem-har\/"},"modified":"2024-04-12T10:00:31","modified_gmt":"2024-04-12T07:00:31","slug":"gift-game-vem-har","status":"archive","type":"product","link":"https:\/\/games.tactic.net\/sv\/tuote\/gift-game-vem-har\/","title":{"rendered":"Gift Game: Vem har \u2026?"},"content":{"rendered":"<p>Peka finger \u00e4r oartigt \u2013 men h\u00e4r \u00e4r det obligatoriskt. En spelare l\u00e4ser en fr\u00e5ga h\u00f6gt, alla r\u00e4knar till tre tillsammans och pekar sedan p\u00e5 den person de tycker passar in b\u00e4st. De spelare som tillh\u00f6r majoriteten vinner ett kort och f\u00f6rst till fem vinner.<\/p>\n","protected":false},"excerpt":{"rendered":"<p>Peka finger \u00e4r oartigt \u2013 men h\u00e4r \u00e4r det obligatoriskt. En spelare l\u00e4ser en fr\u00e5ga h\u00f6gt, alla r\u00e4knar till tre tillsammans och pekar sedan p\u00e5 den person de tycker passar in b\u00e4st. De spelare som tillh\u00f6r majoriteten vinner ett kort och f\u00f6rst till fem vinner.<\/p>\n","protected":false},"featured_media":0,"template":"","meta":{"content-type":"","_monsterinsights_skip_tracking":false,"_monsterinsights_sitenote_active":false,"_monsterinsights_sitenote_note":"","_monsterinsights_sitenote_category":0},"product_brand":[],"product_cat":[1541],"product_tag":[845],"brand":[],"target-group":[],"discontinued":[],"class_list":{"0":"post-53094","1":"product","2":"type-product","3":"status-archive","5":"product_cat-party-spel-vuxenspel","6":"product_tag-tillsammans","8":"first","9":"outofstock","10":"taxable","11":"shipping-taxable","12":"product-type-simple"},"aioseo_notices":[],"_links":{"self":[{"href":"https:\/\/games.tactic.net\/sv\/wp-json\/wp\/v2\/product\/53094","targetHints":{"allow":["GET"]}}],"collection":[{"href":"https:\/\/games.tactic.net\/sv\/wp-json\/wp\/v2\/product"}],"about":[{"href":"https:\/\/games.tactic.net\/sv\/wp-json\/wp\/v2\/types\/product"}],"wp:attachment":[{"href":"https:\/\/games.tactic.net\/sv\/wp-json\/wp\/v2\/media?parent=53094"}],"wp:term":[{"taxonomy":"product_brand","embeddable":true,"href":"https:\/\/games.tactic.net\/sv\/wp-json\/wp\/v2\/product_brand?post=53094"},{"taxonomy":"product_cat","embeddable":true,"href":"https:\/\/games.tactic.net\/sv\/wp-json\/wp\/v2\/product_cat?post=53094"},{"taxonomy":"product_tag","embeddable":true,"href":"https:\/\/games.tactic.net\/sv\/wp-json\/wp\/v2\/product_tag?post=53094"},{"taxonomy":"brand","embeddable":true,"href":"https:\/\/games.tactic.net\/sv\/wp-json\/wp\/v2\/brand?post=53094"},{"taxonomy":"target-group","embeddable":true,"href":"https:\/\/games.tactic.net\/sv\/wp-json\/wp\/v2\/target-group?post=53094"},{"taxonomy":"discontinued","embeddable":true,"href":"https:\/\/games.tactic.net\/sv\/wp-json\/wp\/v2\/discontinued?post=53094"}],"curies":[{"name":"wp","href":"https:\/\/api.w.org\/{rel}","templated":true}]}}