{"id":529106,"date":"2022-03-30T08:51:51","date_gmt":"2022-03-30T05:51:51","guid":{"rendered":"http:\/\/games.tactic.net\/tuote\/street-hockey-set\/"},"modified":"2023-09-27T20:49:45","modified_gmt":"2023-09-27T17:49:45","slug":"street-hockey-set","status":"archive","type":"product","link":"https:\/\/games.tactic.net\/sv\/tuote\/street-hockey-set\/","title":{"rendered":"Tactic Active Play Street Hockey Set"},"content":{"rendered":"<p>Active Play-spel \u00e4r ett lysande s\u00e4tt att \u00f6ka aktiviteterna och ha roligt med familj och v\u00e4nner! Att tr\u00e4na och spela tillsammans \u00e4r bra f\u00f6r kropp och sj\u00e4l. Det ger dig energi och g\u00f6r det l\u00e4ttare att koncentrera sig och l\u00e4ra sig nya saker. S\u00e4tt ig\u00e5ng spelet! F\u00f6rvandla vilken gata som helst till en hockeyarena och visa upp din skicklighet! Detta Street Hockey-set inneh\u00e5ller tv\u00e5 h\u00e5llbara hockeyklubbor och en l\u00e4tt hockeyboll.<\/p>\n","protected":false},"excerpt":{"rendered":"<p>Active Play-spel \u00e4r ett lysande s\u00e4tt att \u00f6ka aktiviteterna och ha roligt med familj och v\u00e4nner! Att tr\u00e4na och spela tillsammans \u00e4r bra f\u00f6r kropp och sj\u00e4l. Det ger dig energi och g\u00f6r det l\u00e4ttare att koncentrera sig och l\u00e4ra sig nya saker. S\u00e4tt ig\u00e5ng spelet! F\u00f6rvandla vilken gata som helst till en hockeyarena och [&hellip;]<\/p>\n","protected":false},"featured_media":0,"template":"","meta":{"content-type":"","_monsterinsights_skip_tracking":false,"_monsterinsights_sitenote_active":false,"_monsterinsights_sitenote_note":"","_monsterinsights_sitenote_category":0},"product_brand":[],"product_cat":[1543],"product_tag":[],"brand":[],"target-group":[],"discontinued":[],"class_list":{"0":"post-529106","1":"product","2":"type-product","3":"status-archive","5":"product_cat-active-play-utomhus-spel","7":"first","8":"outofstock","9":"taxable","10":"shipping-taxable","11":"product-type-simple"},"aioseo_notices":[],"_links":{"self":[{"href":"https:\/\/games.tactic.net\/sv\/wp-json\/wp\/v2\/product\/529106","targetHints":{"allow":["GET"]}}],"collection":[{"href":"https:\/\/games.tactic.net\/sv\/wp-json\/wp\/v2\/product"}],"about":[{"href":"https:\/\/games.tactic.net\/sv\/wp-json\/wp\/v2\/types\/product"}],"wp:attachment":[{"href":"https:\/\/games.tactic.net\/sv\/wp-json\/wp\/v2\/media?parent=529106"}],"wp:term":[{"taxonomy":"product_brand","embeddable":true,"href":"https:\/\/games.tactic.net\/sv\/wp-json\/wp\/v2\/product_brand?post=529106"},{"taxonomy":"product_cat","embeddable":true,"href":"https:\/\/games.tactic.net\/sv\/wp-json\/wp\/v2\/product_cat?post=529106"},{"taxonomy":"product_tag","embeddable":true,"href":"https:\/\/games.tactic.net\/sv\/wp-json\/wp\/v2\/product_tag?post=529106"},{"taxonomy":"brand","embeddable":true,"href":"https:\/\/games.tactic.net\/sv\/wp-json\/wp\/v2\/brand?post=529106"},{"taxonomy":"target-group","embeddable":true,"href":"https:\/\/games.tactic.net\/sv\/wp-json\/wp\/v2\/target-group?post=529106"},{"taxonomy":"discontinued","embeddable":true,"href":"https:\/\/games.tactic.net\/sv\/wp-json\/wp\/v2\/discontinued?post=529106"}],"curies":[{"name":"wp","href":"https:\/\/api.w.org\/{rel}","templated":true}]}}