{"id":528876,"date":"2022-03-29T10:50:21","date_gmt":"2022-03-29T07:50:21","guid":{"rendered":"http:\/\/games.tactic.net\/tuote\/lumo-stars-rattle-toy-bunny\/"},"modified":"2023-10-20T11:09:20","modified_gmt":"2023-10-20T08:09:20","slug":"lumo-stars-rattle-toy-bunny","status":"publish","type":"product","link":"https:\/\/games.tactic.net\/sv\/tuote\/lumo-stars-rattle-toy-bunny\/","title":{"rendered":"Lumo Stars rattle toy Bunny plush"},"content":{"rendered":"<p>Lumo Stars ringande babyleksak Bunny. Den bed\u00e5rande kaninen \u00e4r mjuk sammet och \u00f6ronen \u00e4r krispiga. www.lumostars.com<\/p>\n<p>Lumo Stars Velvet \u00e4r en produktlinje full av mjuka och snyggt designade sammetsmjukdjur.<\/p>\n","protected":false},"excerpt":{"rendered":"<p>Lumo Stars ringande babyleksak Bunny. Den bed\u00e5rande kaninen \u00e4r mjuk sammet och \u00f6ronen \u00e4r krispiga. www.lumostars.com Lumo Stars Velvet \u00e4r en produktlinje full av mjuka och snyggt designade sammetsmjukdjur.<\/p>\n","protected":false},"featured_media":0,"template":"","meta":{"content-type":"","_monsterinsights_skip_tracking":false,"_monsterinsights_sitenote_active":false,"_monsterinsights_sitenote_note":"","_monsterinsights_sitenote_category":0},"product_brand":[],"product_cat":[1572],"product_tag":[853,1264,854],"brand":[{"id":1018,"name":"Lumo Stars","slug":"lumo-stars-13"}],"target-group":[],"discontinued":[],"class_list":{"0":"post-528876","1":"product","2":"type-product","3":"status-publish","5":"product_cat-velvet-gosedjur-lumo-stars-5","6":"product_tag-kramgo","7":"product_tag-lumo-stars-sv","8":"product_tag-mjukdjur","9":"brand-lumo-stars-13","11":"first","12":"instock","13":"taxable","14":"shipping-taxable","15":"product-type-simple"},"aioseo_notices":[],"_links":{"self":[{"href":"https:\/\/games.tactic.net\/sv\/wp-json\/wp\/v2\/product\/528876","targetHints":{"allow":["GET"]}}],"collection":[{"href":"https:\/\/games.tactic.net\/sv\/wp-json\/wp\/v2\/product"}],"about":[{"href":"https:\/\/games.tactic.net\/sv\/wp-json\/wp\/v2\/types\/product"}],"wp:attachment":[{"href":"https:\/\/games.tactic.net\/sv\/wp-json\/wp\/v2\/media?parent=528876"}],"wp:term":[{"taxonomy":"product_brand","embeddable":true,"href":"https:\/\/games.tactic.net\/sv\/wp-json\/wp\/v2\/product_brand?post=528876"},{"taxonomy":"product_cat","embeddable":true,"href":"https:\/\/games.tactic.net\/sv\/wp-json\/wp\/v2\/product_cat?post=528876"},{"taxonomy":"product_tag","embeddable":true,"href":"https:\/\/games.tactic.net\/sv\/wp-json\/wp\/v2\/product_tag?post=528876"},{"taxonomy":"brand","embeddable":true,"href":"https:\/\/games.tactic.net\/sv\/wp-json\/wp\/v2\/brand?post=528876"},{"taxonomy":"target-group","embeddable":true,"href":"https:\/\/games.tactic.net\/sv\/wp-json\/wp\/v2\/target-group?post=528876"},{"taxonomy":"discontinued","embeddable":true,"href":"https:\/\/games.tactic.net\/sv\/wp-json\/wp\/v2\/discontinued?post=528876"}],"curies":[{"name":"wp","href":"https:\/\/api.w.org\/{rel}","templated":true}]}}