{"id":521538,"date":"2022-03-22T12:24:00","date_gmt":"2022-03-22T10:24:00","guid":{"rendered":"http:\/\/games.tactic.net\/tuote\/canal-king-peking\/"},"modified":"2022-03-22T12:24:00","modified_gmt":"2022-03-22T10:24:00","slug":"canal-king-peking","status":"archive","type":"product","link":"https:\/\/games.tactic.net\/sv\/tuote\/canal-king-peking\/","title":{"rendered":"Canal King Peking"},"content":{"rendered":"<p>Res till kejsarens Kina och g\u00f6r dig redo f\u00f6r en h\u00e5rd kamp. I Canal King Peking blir spelarna rekryterade som smugglare som f\u00f6rs\u00f6ker f\u00f6rflytta sitt smuggelgods l\u00e4ngs Pekings kanaler. Det h\u00e4r uppdraget kr\u00e4ver ett visst m\u00e5tt av list, s\u00e5 kom ih\u00e5g att h\u00e5lla ett \u00f6ga b\u00e5de p\u00e5 dina konkurrenter och p\u00e5 lagens v\u00e4ktare. Canal King Peking \u00e4r ett familjespel med ett extra lager strategi<\/p>\n","protected":false},"excerpt":{"rendered":"<p>Res till kejsarens Kina och g\u00f6r dig redo f\u00f6r en h\u00e5rd kamp. I Canal King Peking blir spelarna rekryterade som smugglare som f\u00f6rs\u00f6ker f\u00f6rflytta sitt smuggelgods l\u00e4ngs Pekings kanaler. Canal King Peking \u00e4r ett familjespel med ett extra lager strategi<\/p>\n","protected":false},"featured_media":0,"template":"","meta":{"content-type":"","_monsterinsights_skip_tracking":false,"_monsterinsights_sitenote_active":false,"_monsterinsights_sitenote_note":"","_monsterinsights_sitenote_category":0},"product_brand":[],"product_cat":[1461],"product_tag":[1238],"brand":[{"id":881,"name":"Gamestorm Studio","slug":"gamestormstudio"}],"target-group":[],"discontinued":[],"class_list":{"0":"post-521538","1":"product","2":"type-product","3":"status-archive","5":"product_cat-bradspel","6":"product_tag-strategi-sv","7":"brand-gamestormstudio","9":"first","10":"outofstock","11":"taxable","12":"shipping-taxable","13":"product-type-simple"},"aioseo_notices":[],"_links":{"self":[{"href":"https:\/\/games.tactic.net\/sv\/wp-json\/wp\/v2\/product\/521538","targetHints":{"allow":["GET"]}}],"collection":[{"href":"https:\/\/games.tactic.net\/sv\/wp-json\/wp\/v2\/product"}],"about":[{"href":"https:\/\/games.tactic.net\/sv\/wp-json\/wp\/v2\/types\/product"}],"wp:attachment":[{"href":"https:\/\/games.tactic.net\/sv\/wp-json\/wp\/v2\/media?parent=521538"}],"wp:term":[{"taxonomy":"product_brand","embeddable":true,"href":"https:\/\/games.tactic.net\/sv\/wp-json\/wp\/v2\/product_brand?post=521538"},{"taxonomy":"product_cat","embeddable":true,"href":"https:\/\/games.tactic.net\/sv\/wp-json\/wp\/v2\/product_cat?post=521538"},{"taxonomy":"product_tag","embeddable":true,"href":"https:\/\/games.tactic.net\/sv\/wp-json\/wp\/v2\/product_tag?post=521538"},{"taxonomy":"brand","embeddable":true,"href":"https:\/\/games.tactic.net\/sv\/wp-json\/wp\/v2\/brand?post=521538"},{"taxonomy":"target-group","embeddable":true,"href":"https:\/\/games.tactic.net\/sv\/wp-json\/wp\/v2\/target-group?post=521538"},{"taxonomy":"discontinued","embeddable":true,"href":"https:\/\/games.tactic.net\/sv\/wp-json\/wp\/v2\/discontinued?post=521538"}],"curies":[{"name":"wp","href":"https:\/\/api.w.org\/{rel}","templated":true}]}}