{"id":509630,"date":"2022-03-11T15:58:10","date_gmt":"2022-03-11T13:58:10","guid":{"rendered":"http:\/\/games.tactic.net\/tuote\/varldens-mat\/"},"modified":"2023-10-25T16:37:16","modified_gmt":"2023-10-25T13:37:16","slug":"varldens-mat","status":"publish","type":"product","link":"https:\/\/games.tactic.net\/sv\/tuote\/varldens-mat\/","title":{"rendered":"Tactic Mat fr\u00e5n hela v\u00e4rlden"},"content":{"rendered":"<p>Upplev en smakresa runt v\u00e4rlden! K\u00e4nner du till delikatesser fr\u00e5n olika h\u00f6rn av v\u00e4rlden? K\u00e4nner du igen bilder av bekanta och mera fr\u00e4mmande matr\u00e4tter? I detta spel t\u00e4vlar spelarna om vem som k\u00e4nner igen maten p\u00e5 korten, och b\u00e4st kan svara p\u00e5 fr\u00e5gorna om dem. Dessutom finns det intressant information om matr\u00e4tten p\u00e5 varje kort. Varning: detta spel kan v\u00e4cka din aptit.<\/p>\n","protected":false},"excerpt":{"rendered":"<p>Upplev en smakresa runt v\u00e4rlden! K\u00e4nner du till delikatesser fr\u00e5n olika h\u00f6rn av v\u00e4rlden? K\u00e4nner du igen bilder av bekanta och mera fr\u00e4mmande matr\u00e4tter? I detta spel t\u00e4vlar spelarna om vem som k\u00e4nner igen maten p\u00e5 korten, och b\u00e4st kan svara p\u00e5 fr\u00e5gorna om dem. Dessutom finns det intressant information om matr\u00e4tten p\u00e5 varje kort. Varning: detta spel kan v\u00e4cka din aptit. Spelet i beh\u00e4ndig storlek kan faktiskt rymmas i din ficka! Fyllt med intressant information om olika delikatesser.<\/p>\n","protected":false},"featured_media":0,"template":"","meta":{"content-type":"","_monsterinsights_skip_tracking":false,"_monsterinsights_sitenote_active":false,"_monsterinsights_sitenote_note":"","_monsterinsights_sitenote_category":0},"product_brand":[],"product_cat":[1523,1524],"product_tag":[],"brand":[],"target-group":[],"discontinued":[],"class_list":{"0":"post-509630","1":"product","2":"type-product","3":"status-publish","5":"product_cat-fragespel-vuxenspel","6":"product_cat-fragespel-familjespel","8":"first","9":"instock","10":"taxable","11":"shipping-taxable","12":"product-type-simple"},"aioseo_notices":[],"_links":{"self":[{"href":"https:\/\/games.tactic.net\/sv\/wp-json\/wp\/v2\/product\/509630","targetHints":{"allow":["GET"]}}],"collection":[{"href":"https:\/\/games.tactic.net\/sv\/wp-json\/wp\/v2\/product"}],"about":[{"href":"https:\/\/games.tactic.net\/sv\/wp-json\/wp\/v2\/types\/product"}],"wp:attachment":[{"href":"https:\/\/games.tactic.net\/sv\/wp-json\/wp\/v2\/media?parent=509630"}],"wp:term":[{"taxonomy":"product_brand","embeddable":true,"href":"https:\/\/games.tactic.net\/sv\/wp-json\/wp\/v2\/product_brand?post=509630"},{"taxonomy":"product_cat","embeddable":true,"href":"https:\/\/games.tactic.net\/sv\/wp-json\/wp\/v2\/product_cat?post=509630"},{"taxonomy":"product_tag","embeddable":true,"href":"https:\/\/games.tactic.net\/sv\/wp-json\/wp\/v2\/product_tag?post=509630"},{"taxonomy":"brand","embeddable":true,"href":"https:\/\/games.tactic.net\/sv\/wp-json\/wp\/v2\/brand?post=509630"},{"taxonomy":"target-group","embeddable":true,"href":"https:\/\/games.tactic.net\/sv\/wp-json\/wp\/v2\/target-group?post=509630"},{"taxonomy":"discontinued","embeddable":true,"href":"https:\/\/games.tactic.net\/sv\/wp-json\/wp\/v2\/discontinued?post=509630"}],"curies":[{"name":"wp","href":"https:\/\/api.w.org\/{rel}","templated":true}]}}