{"id":505547,"date":"2022-03-03T13:35:27","date_gmt":"2022-03-03T11:35:27","guid":{"rendered":"http:\/\/games.tactic.net\/tuote\/lar-dig-att-lasa\/"},"modified":"2023-10-17T19:23:22","modified_gmt":"2023-10-17T16:23:22","slug":"lar-dig-att-lasa","status":"publish","type":"product","link":"https:\/\/games.tactic.net\/sv\/tuote\/lar-dig-att-lasa\/","title":{"rendered":"L\u00e4r dig att l\u00e4sa"},"content":{"rendered":"<p>\u00d6va p\u00e5 l\u00e4sning tillsammans med de s\u00f6ta djuren! L\u00e4skunskapen \u00f6ppnar d\u00f6rren till v\u00e4rlden, men man kan l\u00e4ra sig den genom lek! Spelarna j\u00e4mf\u00f6r djuren p\u00e5 korten med hj\u00e4lp av olika v\u00e4rden. Den spelare som l\u00e4st det h\u00f6gsta v\u00e4rdet fr\u00e5n sitt kort, vinner allas kort, och v\u00e4ljer ett av dem f\u00f6r sin samlingsram. Varje kort inneh\u00e5ller dessutom intressant information om djuret!<br \/>\nDen bekanta spelmekaniken \u00e4r l\u00e4tt att l\u00e4ra sig.<br \/>\nSpelet \u00e4r av beh\u00e4ndig storlek och \u00e4r l\u00e4tt att ta med sig.<br \/>\nKorten \u00e4r fulla med h\u00e4rliga husdjur, men \u00e4ven konstiga.<\/p>\n","protected":false},"excerpt":{"rendered":"<p>\u00d6va p\u00e5 l\u00e4sning tillsammans med de s\u00f6ta djuren! L\u00e4skunskapen \u00f6ppnar d\u00f6rren till v\u00e4rlden, men man kan l\u00e4ra sig den genom lek! Spelarna j\u00e4mf\u00f6r djuren p\u00e5 korten med hj\u00e4lp av olika v\u00e4rden. Den spelare som l\u00e4st det h\u00f6gsta v\u00e4rdet fr\u00e5n sitt kort, vinner allas kort, och v\u00e4ljer ett av dem f\u00f6r sin samlingsram. Varje kort inneh\u00e5ller dessutom intressant information om djuret!<\/p>\n","protected":false},"featured_media":0,"template":"","meta":{"content-type":"","_monsterinsights_skip_tracking":false,"_monsterinsights_sitenote_active":false,"_monsterinsights_sitenote_note":"","_monsterinsights_sitenote_category":0},"product_brand":[],"product_cat":[1519],"product_tag":[1254],"brand":[{"id":864,"name":"Let's Learn","slug":"letslearn-sv"}],"target-group":[],"discontinued":[],"class_list":{"0":"post-505547","1":"product","2":"type-product","3":"status-publish","5":"product_cat-lar-spel-barnspel","6":"product_tag-pedagogisk-sv","7":"brand-letslearn-sv","9":"first","10":"instock","11":"taxable","12":"shipping-taxable","13":"product-type-simple"},"aioseo_notices":[],"_links":{"self":[{"href":"https:\/\/games.tactic.net\/sv\/wp-json\/wp\/v2\/product\/505547","targetHints":{"allow":["GET"]}}],"collection":[{"href":"https:\/\/games.tactic.net\/sv\/wp-json\/wp\/v2\/product"}],"about":[{"href":"https:\/\/games.tactic.net\/sv\/wp-json\/wp\/v2\/types\/product"}],"wp:attachment":[{"href":"https:\/\/games.tactic.net\/sv\/wp-json\/wp\/v2\/media?parent=505547"}],"wp:term":[{"taxonomy":"product_brand","embeddable":true,"href":"https:\/\/games.tactic.net\/sv\/wp-json\/wp\/v2\/product_brand?post=505547"},{"taxonomy":"product_cat","embeddable":true,"href":"https:\/\/games.tactic.net\/sv\/wp-json\/wp\/v2\/product_cat?post=505547"},{"taxonomy":"product_tag","embeddable":true,"href":"https:\/\/games.tactic.net\/sv\/wp-json\/wp\/v2\/product_tag?post=505547"},{"taxonomy":"brand","embeddable":true,"href":"https:\/\/games.tactic.net\/sv\/wp-json\/wp\/v2\/brand?post=505547"},{"taxonomy":"target-group","embeddable":true,"href":"https:\/\/games.tactic.net\/sv\/wp-json\/wp\/v2\/target-group?post=505547"},{"taxonomy":"discontinued","embeddable":true,"href":"https:\/\/games.tactic.net\/sv\/wp-json\/wp\/v2\/discontinued?post=505547"}],"curies":[{"name":"wp","href":"https:\/\/api.w.org\/{rel}","templated":true}]}}